{"id":13252,"date":"2023-11-04T02:55:16","date_gmt":"2023-11-04T01:55:16","guid":{"rendered":"http:\/\/innocentiemangonipiante.it\/rhamnus-alaternus\/"},"modified":"2023-11-06T15:52:40","modified_gmt":"2023-11-06T14:52:40","slug":"rhamnus-alaternus","status":"publish","type":"product","link":"https:\/\/innocentiemangonipiante.it\/fr\/rhamnus-alaternus\/","title":{"rendered":"RHAMNUS alaternus"},"content":{"rendered":"<p>Arbuste persistant de \u00e9rig\u00e9 \u00e0 espans\u00e9 avec feuilles ov\u00e9es, luisantes, vert fonc\u00e9 de 7cm. \u00c0 la fin du printemps, d\u00e9but de l\u2019\u00e9t\u00e9 il porte des fleurs jaunevert suivies par fruits sph\u00e9riques rouges qui deviennent noirs \u00e0 la fin de l\u2019\u00e9t\u00e9.<\/p>\n","protected":false},"excerpt":{"rendered":"<p>Arbuste persistant de \u00e9rig\u00e9 \u00e0 espans\u00e9 avec feuilles ov\u00e9es, luisantes, vert fonc\u00e9 de 7cm. \u00c0 la fin du printemps, d\u00e9but de l\u2019\u00e9t\u00e9 il porte des fleurs jaunevert suivies par fruits sph\u00e9riques rouges qui deviennent noirs \u00e0 la fin de l\u2019\u00e9t\u00e9.<\/p>\n","protected":false},"featured_media":5272,"template":"","meta":{"_acf_changed":false},"product_brand":[],"product_cat":[8817,9230],"product_tag":[10897],"class_list":{"0":"post-13252","1":"product","2":"type-product","3":"status-publish","4":"has-post-thumbnail","6":"product_cat-arbres-et-arbustes-persistants","7":"product_cat-arbres-et-plantes-du-futur","8":"product_tag-naturelle","9":"pa_altezza-massima-400-fr","10":"pa_altezza-massima-600-fr","11":"pa_colore-fioritura-jaune","12":"pa_condizionamento-clt-fr","13":"pa_famiglia-rhamnaceae-fr","14":"pa_genere-rhamnus-fr","15":"pa_origine-europe-mediterraneenne","16":"pa_periodo-fioritura-juin","17":"pa_periodo-fioritura-mai","18":"pa_periodo-fruttificazione-juillet","19":"pa_portamento-arrondi","20":"pa_resistenza-climatica-moyenne-elevee","21":"pa_resistenza-del-suolo-resistant-aux-sols-calcaires","22":"pa_resistenza-del-suolo-resistant-aux-sols-secs","23":"pa_utilizzo-balcons","24":"pa_utilizzo-bordures","25":"pa_utilizzo-petits-jardins","27":"first","28":"instock","29":"purchasable","30":"product-type-simple"},"acf":[],"_links":{"self":[{"href":"https:\/\/innocentiemangonipiante.it\/fr\/wp-json\/wp\/v2\/product\/13252","targetHints":{"allow":["GET"]}}],"collection":[{"href":"https:\/\/innocentiemangonipiante.it\/fr\/wp-json\/wp\/v2\/product"}],"about":[{"href":"https:\/\/innocentiemangonipiante.it\/fr\/wp-json\/wp\/v2\/types\/product"}],"wp:featuredmedia":[{"embeddable":true,"href":"https:\/\/innocentiemangonipiante.it\/fr\/wp-json\/wp\/v2\/media\/5272"}],"wp:attachment":[{"href":"https:\/\/innocentiemangonipiante.it\/fr\/wp-json\/wp\/v2\/media?parent=13252"}],"wp:term":[{"taxonomy":"product_brand","embeddable":true,"href":"https:\/\/innocentiemangonipiante.it\/fr\/wp-json\/wp\/v2\/product_brand?post=13252"},{"taxonomy":"product_cat","embeddable":true,"href":"https:\/\/innocentiemangonipiante.it\/fr\/wp-json\/wp\/v2\/product_cat?post=13252"},{"taxonomy":"product_tag","embeddable":true,"href":"https:\/\/innocentiemangonipiante.it\/fr\/wp-json\/wp\/v2\/product_tag?post=13252"}],"curies":[{"name":"wp","href":"https:\/\/api.w.org\/{rel}","templated":true}]}}