{"id":13253,"date":"2023-11-04T02:55:30","date_gmt":"2023-11-04T01:55:30","guid":{"rendered":"http:\/\/innocentiemangonipiante.it\/rhaphiolepis-umbellata-ovata\/"},"modified":"2023-11-06T15:52:47","modified_gmt":"2023-11-06T14:52:47","slug":"rhaphiolepis-umbellata-ovata","status":"publish","type":"product","link":"https:\/\/innocentiemangonipiante.it\/fr\/rhaphiolepis-umbellata-ovata\/","title":{"rendered":"RHAPHIOLEPIS umbellata &lsquo;Ovata&rsquo;"},"content":{"rendered":"<p>Arbuste persistant au port globuleux. Les feuilles sont vert fonc\u00e9, coriaces et l\u00e9g\u00e8rement dent\u00e9es. Il produit des fleurs blanches, parfois teintes de rose, r\u00e9unies en grappes.<\/p>\n","protected":false},"excerpt":{"rendered":"<p>Arbuste persistant au port globuleux. Les feuilles sont vert fonc\u00e9, coriaces et l\u00e9g\u00e8rement dent\u00e9es. Il produit des fleurs blanches, parfois teintes de rose, r\u00e9unies en grappes.<\/p>\n","protected":false},"featured_media":5284,"template":"","meta":{"_acf_changed":false},"product_brand":[],"product_cat":[8817],"product_tag":[10897],"class_list":{"0":"post-13253","1":"product","2":"type-product","3":"status-publish","4":"has-post-thumbnail","6":"product_cat-arbres-et-arbustes-persistants","7":"product_tag-naturelle","8":"pa_altezza-massima-100-fr","9":"pa_altezza-massima-150-fr","10":"pa_colore-fioritura-blanc","11":"pa_condizionamento-clt-fr","12":"pa_famiglia-rosaceae-fr","13":"pa_genere-rhaphiolepis-fr","14":"pa_origine-chine","15":"pa_periodo-fioritura-avril","16":"pa_portamento-arrondi","17":"pa_profumo-delicat","18":"pa_resistenza-climatica-moyenne","19":"pa_salinita-resistance-a-la-salinisation","20":"pa_utilizzo-balcons","21":"pa_utilizzo-haies","22":"pa_utilizzo-petits-jardins","24":"first","25":"instock","26":"purchasable","27":"product-type-simple"},"acf":[],"_links":{"self":[{"href":"https:\/\/innocentiemangonipiante.it\/fr\/wp-json\/wp\/v2\/product\/13253","targetHints":{"allow":["GET"]}}],"collection":[{"href":"https:\/\/innocentiemangonipiante.it\/fr\/wp-json\/wp\/v2\/product"}],"about":[{"href":"https:\/\/innocentiemangonipiante.it\/fr\/wp-json\/wp\/v2\/types\/product"}],"wp:featuredmedia":[{"embeddable":true,"href":"https:\/\/innocentiemangonipiante.it\/fr\/wp-json\/wp\/v2\/media\/5284"}],"wp:attachment":[{"href":"https:\/\/innocentiemangonipiante.it\/fr\/wp-json\/wp\/v2\/media?parent=13253"}],"wp:term":[{"taxonomy":"product_brand","embeddable":true,"href":"https:\/\/innocentiemangonipiante.it\/fr\/wp-json\/wp\/v2\/product_brand?post=13253"},{"taxonomy":"product_cat","embeddable":true,"href":"https:\/\/innocentiemangonipiante.it\/fr\/wp-json\/wp\/v2\/product_cat?post=13253"},{"taxonomy":"product_tag","embeddable":true,"href":"https:\/\/innocentiemangonipiante.it\/fr\/wp-json\/wp\/v2\/product_tag?post=13253"}],"curies":[{"name":"wp","href":"https:\/\/api.w.org\/{rel}","templated":true}]}}