{"id":13254,"date":"2023-11-04T02:55:23","date_gmt":"2023-11-04T01:55:23","guid":{"rendered":"http:\/\/innocentiemangonipiante.it\/rhaphiolepis-indica-springtime\/"},"modified":"2023-11-06T15:52:43","modified_gmt":"2023-11-06T14:52:43","slug":"rhaphiolepis-indica-springtime","status":"publish","type":"product","link":"https:\/\/innocentiemangonipiante.it\/fr\/rhaphiolepis-indica-springtime\/","title":{"rendered":"RHAPHIOLEPIS indica &lsquo;Springtime&rsquo; \u00ae"},"content":{"rendered":"<p>Arbuste persistant au port ample. Les feuilles sont elliptiques, dentel\u00e9es, coriaces, luisantes, de couleur vert sombre. Au d\u00e9but du printemps, s\u2019\u00e9panouissent des fleurs de couleur rose p\u00e2le, simples et parfum\u00e9es, rassembl\u00e9es en petits groupes de 15 \u00e0 25. Atteint une largeur de 2,20 \u00e0 2,50 m.<\/p>\n","protected":false},"excerpt":{"rendered":"<p>Arbuste persistant au port ample. Les feuilles sont elliptiques, dentel\u00e9es, coriaces, luisantes, de couleur vert sombre. Au d\u00e9but du printemps, s\u2019\u00e9panouissent des fleurs de couleur rose p\u00e2le, simples et parfum\u00e9es, rassembl\u00e9es en petits groupes de 15 \u00e0 25. Atteint une largeur de 2,20 \u00e0 2,50 m.<\/p>\n","protected":false},"featured_media":5278,"template":"","meta":{"_acf_changed":false},"product_brand":[],"product_cat":[8817,9230],"product_tag":[10897,6255],"class_list":{"0":"post-13254","1":"product","2":"type-product","3":"status-publish","4":"has-post-thumbnail","6":"product_cat-arbres-et-arbustes-persistants","7":"product_cat-arbres-et-plantes-du-futur","8":"product_tag-naturelle","9":"product_tag-demi-tige","10":"pa_altezza-massima-100-fr","11":"pa_altezza-massima-150-fr","12":"pa_colore-fioritura-rose","13":"pa_condizionamento-clt-fr","14":"pa_famiglia-rosaceae-fr","15":"pa_genere-rhaphiolepis-fr","16":"pa_origine-asie-orientale","17":"pa_periodo-fioritura-avril","18":"pa_portamento-arrondi","19":"pa_profumo-delicat","20":"pa_resistenza-climatica-moyenne","21":"pa_salinita-resistance-a-la-salinisation","22":"pa_utilizzo-balcons","23":"pa_utilizzo-haies","24":"pa_utilizzo-petits-jardins","26":"first","27":"instock","28":"purchasable","29":"product-type-simple"},"acf":[],"_links":{"self":[{"href":"https:\/\/innocentiemangonipiante.it\/fr\/wp-json\/wp\/v2\/product\/13254","targetHints":{"allow":["GET"]}}],"collection":[{"href":"https:\/\/innocentiemangonipiante.it\/fr\/wp-json\/wp\/v2\/product"}],"about":[{"href":"https:\/\/innocentiemangonipiante.it\/fr\/wp-json\/wp\/v2\/types\/product"}],"wp:featuredmedia":[{"embeddable":true,"href":"https:\/\/innocentiemangonipiante.it\/fr\/wp-json\/wp\/v2\/media\/5278"}],"wp:attachment":[{"href":"https:\/\/innocentiemangonipiante.it\/fr\/wp-json\/wp\/v2\/media?parent=13254"}],"wp:term":[{"taxonomy":"product_brand","embeddable":true,"href":"https:\/\/innocentiemangonipiante.it\/fr\/wp-json\/wp\/v2\/product_brand?post=13254"},{"taxonomy":"product_cat","embeddable":true,"href":"https:\/\/innocentiemangonipiante.it\/fr\/wp-json\/wp\/v2\/product_cat?post=13254"},{"taxonomy":"product_tag","embeddable":true,"href":"https:\/\/innocentiemangonipiante.it\/fr\/wp-json\/wp\/v2\/product_tag?post=13254"}],"curies":[{"name":"wp","href":"https:\/\/api.w.org\/{rel}","templated":true}]}}