{"id":13256,"date":"2023-11-04T02:55:59","date_gmt":"2023-11-04T01:55:59","guid":{"rendered":"http:\/\/innocentiemangonipiante.it\/rhus-typhina-dissecta\/"},"modified":"2023-11-06T15:53:01","modified_gmt":"2023-11-06T14:53:01","slug":"rhus-typhina-dissecta","status":"publish","type":"product","link":"https:\/\/innocentiemangonipiante.it\/fr\/rhus-typhina-dissecta\/","title":{"rendered":"RHUS typhina &lsquo;Dissecta&rsquo;"},"content":{"rendered":"<p>Arbuste \u00e0 feuilles caduques au port \u00e9largi et irr\u00e9gulier. Les troncs sont fragiles, de couleur marron clair, couvert de petits poils courts, denses et rigides. Les feuilles sont profond\u00e9ment lacini\u00e9es, de couleur verte qui vire au jaune-orange-rouge en automne.<\/p>\n","protected":false},"excerpt":{"rendered":"<p>Arbuste \u00e0 feuilles caduques au port \u00e9largi et irr\u00e9gulier. Les troncs sont fragiles, de couleur marron clair, couvert de petits poils courts, denses et rigides. Les feuilles sont profond\u00e9ment lacini\u00e9es, de couleur verte qui vire au jaune-orange-rouge en automne.<\/p>\n","protected":false},"featured_media":5302,"template":"","meta":{"_acf_changed":false},"product_brand":[],"product_cat":[8812],"product_tag":[10897],"class_list":{"0":"post-13256","1":"product","2":"type-product","3":"status-publish","4":"has-post-thumbnail","6":"product_cat-arbres-et-arbustes-a-feuilles-caduques","7":"product_tag-naturelle","8":"pa_altezza-massima-400-fr","9":"pa_altezza-massima-600-fr","10":"pa_colore-fioritura-rouge","11":"pa_condizionamento-clt-fr","12":"pa_famiglia-anacardiaceae-fr","13":"pa_genere-rhus-fr","14":"pa_inquinamento-resistance-a-la-pollution","15":"pa_origine-origine-delle-piante-u-s-a","16":"pa_periodo-fioritura-juillet","17":"pa_periodo-fioritura-juin","18":"pa_portamento-arrondi","19":"pa_resistenza-climatica-moyenne-elevee","20":"pa_utilizzo-balcons","21":"pa_utilizzo-haies","22":"pa_utilizzo-petits-jardins","24":"first","25":"instock","26":"purchasable","27":"product-type-simple"},"acf":[],"_links":{"self":[{"href":"https:\/\/innocentiemangonipiante.it\/fr\/wp-json\/wp\/v2\/product\/13256","targetHints":{"allow":["GET"]}}],"collection":[{"href":"https:\/\/innocentiemangonipiante.it\/fr\/wp-json\/wp\/v2\/product"}],"about":[{"href":"https:\/\/innocentiemangonipiante.it\/fr\/wp-json\/wp\/v2\/types\/product"}],"wp:featuredmedia":[{"embeddable":true,"href":"https:\/\/innocentiemangonipiante.it\/fr\/wp-json\/wp\/v2\/media\/5302"}],"wp:attachment":[{"href":"https:\/\/innocentiemangonipiante.it\/fr\/wp-json\/wp\/v2\/media?parent=13256"}],"wp:term":[{"taxonomy":"product_brand","embeddable":true,"href":"https:\/\/innocentiemangonipiante.it\/fr\/wp-json\/wp\/v2\/product_brand?post=13256"},{"taxonomy":"product_cat","embeddable":true,"href":"https:\/\/innocentiemangonipiante.it\/fr\/wp-json\/wp\/v2\/product_cat?post=13256"},{"taxonomy":"product_tag","embeddable":true,"href":"https:\/\/innocentiemangonipiante.it\/fr\/wp-json\/wp\/v2\/product_tag?post=13256"}],"curies":[{"name":"wp","href":"https:\/\/api.w.org\/{rel}","templated":true}]}}