{"id":13257,"date":"2023-11-04T02:55:52","date_gmt":"2023-11-04T01:55:52","guid":{"rendered":"http:\/\/innocentiemangonipiante.it\/rhus-typhina\/"},"modified":"2023-11-06T15:52:58","modified_gmt":"2023-11-06T14:52:58","slug":"rhus-typhina","status":"publish","type":"product","link":"https:\/\/innocentiemangonipiante.it\/fr\/rhus-typhina\/","title":{"rendered":"RHUS typhina"},"content":{"rendered":"<p>Arbuste ou arbre \u00e0 feuillage caduc avec des feuilles penn\u00e9es, pouvant atteindre jusqu\u2019\u00e0 60 cm de long, de couleur vert moyen, qui vire au rouge-orange brillant en automne. En \u00e9t\u00e9, il produit des fleurs jaunes en grandes panicules coniques bien droites.<\/p>\n","protected":false},"excerpt":{"rendered":"<p>Arbuste ou arbre \u00e0 feuillage caduc avec des feuilles penn\u00e9es, pouvant atteindre jusqu\u2019\u00e0 60 cm de long, de couleur vert moyen, qui vire au rouge-orange brillant en automne. En \u00e9t\u00e9, il produit des fleurs jaunes en grandes panicules coniques bien droites.<\/p>\n","protected":false},"featured_media":5296,"template":"","meta":{"_acf_changed":false},"product_brand":[],"product_cat":[8812],"product_tag":[10897,8400],"class_list":{"0":"post-13257","1":"product","2":"type-product","3":"status-publish","4":"has-post-thumbnail","6":"product_cat-arbres-et-arbustes-a-feuilles-caduques","7":"product_tag-naturelle","8":"product_tag-tige","9":"pa_altezza-massima-300-fr-2","10":"pa_altezza-massima-500-fr","11":"pa_colore-fioritura-jaune","12":"pa_condizionamento-clt-fr","13":"pa_famiglia-anacardiaceae-fr","14":"pa_genere-rhus-fr","15":"pa_inquinamento-resistance-a-la-pollution","16":"pa_origine-origine-delle-piante-u-s-a","17":"pa_periodo-fioritura-aout","18":"pa_periodo-fioritura-juillet","19":"pa_portamento-arrondi","20":"pa_resistenza-climatica-moyenne-elevee","21":"pa_resistenza-del-suolo-resistant-aux-sols-calcaires","22":"pa_resistenza-del-suolo-resistant-aux-sols-secs","23":"pa_salinita-resistance-a-la-salinisation","24":"pa_utilizzo-balcons","25":"pa_utilizzo-haies","26":"pa_utilizzo-petits-jardins","28":"first","29":"instock","30":"purchasable","31":"product-type-simple"},"acf":[],"_links":{"self":[{"href":"https:\/\/innocentiemangonipiante.it\/fr\/wp-json\/wp\/v2\/product\/13257","targetHints":{"allow":["GET"]}}],"collection":[{"href":"https:\/\/innocentiemangonipiante.it\/fr\/wp-json\/wp\/v2\/product"}],"about":[{"href":"https:\/\/innocentiemangonipiante.it\/fr\/wp-json\/wp\/v2\/types\/product"}],"wp:featuredmedia":[{"embeddable":true,"href":"https:\/\/innocentiemangonipiante.it\/fr\/wp-json\/wp\/v2\/media\/5296"}],"wp:attachment":[{"href":"https:\/\/innocentiemangonipiante.it\/fr\/wp-json\/wp\/v2\/media?parent=13257"}],"wp:term":[{"taxonomy":"product_brand","embeddable":true,"href":"https:\/\/innocentiemangonipiante.it\/fr\/wp-json\/wp\/v2\/product_brand?post=13257"},{"taxonomy":"product_cat","embeddable":true,"href":"https:\/\/innocentiemangonipiante.it\/fr\/wp-json\/wp\/v2\/product_cat?post=13257"},{"taxonomy":"product_tag","embeddable":true,"href":"https:\/\/innocentiemangonipiante.it\/fr\/wp-json\/wp\/v2\/product_tag?post=13257"}],"curies":[{"name":"wp","href":"https:\/\/api.w.org\/{rel}","templated":true}]}}