{"id":13258,"date":"2023-11-04T02:56:19","date_gmt":"2023-11-04T01:56:19","guid":{"rendered":"http:\/\/innocentiemangonipiante.it\/rhyncospermum-asiaticum-pink-showers\/"},"modified":"2023-11-06T15:53:51","modified_gmt":"2023-11-06T14:53:51","slug":"rhyncospermum-asiaticum-pink-showers","status":"publish","type":"product","link":"https:\/\/innocentiemangonipiante.it\/fr\/rhyncospermum-asiaticum-pink-showers\/","title":{"rendered":"RHYNCOSPERMUM asiaticum &lsquo;Pink Showers&rsquo;"},"content":{"rendered":"<p>Belle floraison rose tendre jusqu\u2019\u00e0 l\u2019automne, variet\u00e9 r\u00e9sistante au froid aux feuilles vert fonc\u00e9.<\/p>\n","protected":false},"excerpt":{"rendered":"<p>Belle floraison rose tendre jusqu\u2019\u00e0 l\u2019automne, variet\u00e9 r\u00e9sistante au froid aux feuilles vert fonc\u00e9.<\/p>\n","protected":false},"featured_media":24518,"template":"","meta":{"_acf_changed":false},"product_brand":[],"product_cat":[8836],"product_tag":[10897],"class_list":{"0":"post-13258","1":"product","2":"type-product","3":"status-publish","4":"has-post-thumbnail","6":"product_cat-lianes","7":"product_tag-naturelle","8":"pa_altezza-massima-800-fr","9":"pa_altezza-massima-1000-fr-2","10":"pa_colore-fioritura-rose","11":"pa_famiglia-apocynaceae-fr","12":"pa_genere-rhyncospermum-fr","13":"pa_origine-asie-orientale","14":"pa_periodo-fioritura-aout","15":"pa_periodo-fioritura-juillet","16":"pa_periodo-fioritura-juin","17":"pa_periodo-fioritura-mai","18":"pa_periodo-fioritura-septembre","19":"pa_profumo-intense-fr","20":"pa_resistenza-del-suolo-resistant-aux-sols-calcaires","21":"pa_salinita-resistance-a-la-salinisation","22":"pa_utilizzo-balcons","23":"pa_utilizzo-parcs","24":"pa_utilizzo-petits-jardins","26":"first","27":"instock","28":"purchasable","29":"product-type-simple"},"acf":[],"_links":{"self":[{"href":"https:\/\/innocentiemangonipiante.it\/fr\/wp-json\/wp\/v2\/product\/13258","targetHints":{"allow":["GET"]}}],"collection":[{"href":"https:\/\/innocentiemangonipiante.it\/fr\/wp-json\/wp\/v2\/product"}],"about":[{"href":"https:\/\/innocentiemangonipiante.it\/fr\/wp-json\/wp\/v2\/types\/product"}],"wp:featuredmedia":[{"embeddable":true,"href":"https:\/\/innocentiemangonipiante.it\/fr\/wp-json\/wp\/v2\/media\/24518"}],"wp:attachment":[{"href":"https:\/\/innocentiemangonipiante.it\/fr\/wp-json\/wp\/v2\/media?parent=13258"}],"wp:term":[{"taxonomy":"product_brand","embeddable":true,"href":"https:\/\/innocentiemangonipiante.it\/fr\/wp-json\/wp\/v2\/product_brand?post=13258"},{"taxonomy":"product_cat","embeddable":true,"href":"https:\/\/innocentiemangonipiante.it\/fr\/wp-json\/wp\/v2\/product_cat?post=13258"},{"taxonomy":"product_tag","embeddable":true,"href":"https:\/\/innocentiemangonipiante.it\/fr\/wp-json\/wp\/v2\/product_tag?post=13258"}],"curies":[{"name":"wp","href":"https:\/\/api.w.org\/{rel}","templated":true}]}}