{"id":13259,"date":"2023-11-04T02:56:36","date_gmt":"2023-11-04T01:56:36","guid":{"rendered":"http:\/\/innocentiemangonipiante.it\/rhyncospermum-jasminoides\/"},"modified":"2023-11-06T15:53:59","modified_gmt":"2023-11-06T14:53:59","slug":"rhyncospermum-jasminoides","status":"publish","type":"product","link":"https:\/\/innocentiemangonipiante.it\/fr\/rhyncospermum-jasminoides\/","title":{"rendered":"RHYNCOSPERMUM jasminoides"},"content":{"rendered":"<p>Arbuste grimpant persistant et ligneux. Les feuilles sont ovales, brillantes, de couleur vert sombre plus clair sur la face inf\u00e9rieure. Du mois de mai jusqu\u2019\u00e0 la fin du mois d\u2019ao\u00fbt s\u2019\u00e9panouissent des fleurs simples, \u00e0 5 p\u00e9tales, de couleur blanc pur intens\u00e9ment parfum\u00e9es.<\/p>\n","protected":false},"excerpt":{"rendered":"<p>Arbuste grimpant persistant et ligneux. Les feuilles sont ovales, brillantes, de couleur vert sombre plus clair sur la face inf\u00e9rieure. Du mois de mai jusqu\u2019\u00e0 la fin du mois d\u2019ao\u00fbt s\u2019\u00e9panouissent des fleurs simples, \u00e0 5 p\u00e9tales, de couleur blanc pur intens\u00e9ment parfum\u00e9es.<\/p>\n","protected":false},"featured_media":5309,"template":"","meta":{"_acf_changed":false},"product_brand":[],"product_cat":[8836,9230],"product_tag":[10897,8452,8750,13889,8432],"class_list":{"0":"post-13259","1":"product","2":"type-product","3":"status-publish","4":"has-post-thumbnail","6":"product_cat-lianes","7":"product_cat-arbres-et-plantes-du-futur","8":"product_tag-naturelle","9":"product_tag-arche","10":"product_tag-espalier-fr","11":"product_tag-tige-parasol","12":"product_tag-tige-plateau-dombrage","13":"pa_altezza-massima-800-fr","14":"pa_altezza-massima-1000-fr-2","15":"pa_colore-fioritura-blanc","16":"pa_condizionamento-bac-d-orangerie","17":"pa_condizionamento-clt-fr","18":"pa_condizionamento-vs-fr","19":"pa_condizionamento-pot-carre","20":"pa_famiglia-apocynaceae-fr","21":"pa_genere-rhyncospermum-fr","22":"pa_origine-asie-orientale","23":"pa_periodo-fioritura-aout","24":"pa_periodo-fioritura-juillet","25":"pa_periodo-fioritura-juin","26":"pa_periodo-fioritura-mai","27":"pa_profumo-intense-fr","28":"pa_resistenza-climatica-moyenne","29":"pa_salinita-resistance-a-la-salinisation","30":"pa_utilizzo-balcons","31":"pa_utilizzo-parcs","32":"pa_utilizzo-petits-jardins","34":"first","35":"instock","36":"purchasable","37":"product-type-simple"},"acf":[],"_links":{"self":[{"href":"https:\/\/innocentiemangonipiante.it\/fr\/wp-json\/wp\/v2\/product\/13259","targetHints":{"allow":["GET"]}}],"collection":[{"href":"https:\/\/innocentiemangonipiante.it\/fr\/wp-json\/wp\/v2\/product"}],"about":[{"href":"https:\/\/innocentiemangonipiante.it\/fr\/wp-json\/wp\/v2\/types\/product"}],"wp:featuredmedia":[{"embeddable":true,"href":"https:\/\/innocentiemangonipiante.it\/fr\/wp-json\/wp\/v2\/media\/5309"}],"wp:attachment":[{"href":"https:\/\/innocentiemangonipiante.it\/fr\/wp-json\/wp\/v2\/media?parent=13259"}],"wp:term":[{"taxonomy":"product_brand","embeddable":true,"href":"https:\/\/innocentiemangonipiante.it\/fr\/wp-json\/wp\/v2\/product_brand?post=13259"},{"taxonomy":"product_cat","embeddable":true,"href":"https:\/\/innocentiemangonipiante.it\/fr\/wp-json\/wp\/v2\/product_cat?post=13259"},{"taxonomy":"product_tag","embeddable":true,"href":"https:\/\/innocentiemangonipiante.it\/fr\/wp-json\/wp\/v2\/product_tag?post=13259"}],"curies":[{"name":"wp","href":"https:\/\/api.w.org\/{rel}","templated":true}]}}