{"id":13260,"date":"2023-11-04T02:58:00","date_gmt":"2023-11-04T01:58:00","guid":{"rendered":"http:\/\/innocentiemangonipiante.it\/robinia-pseudoacacia-umbraculifera\/"},"modified":"2023-11-06T15:54:43","modified_gmt":"2023-11-06T14:54:43","slug":"robinia-pseudoacacia-umbraculifera","status":"publish","type":"product","link":"https:\/\/innocentiemangonipiante.it\/fr\/robinia-pseudoacacia-umbraculifera\/","title":{"rendered":"ROBINIA pseudoacacia &lsquo;Umbraculifera&rsquo;"},"content":{"rendered":"<p>\u201cAcacia Boule\u201d. Petit arbre au port dense, sph\u00e9rique et \u00e0 la croissance lente. Sur les branches fines et \u00e9rig\u00e9es, sans \u00e9pines, se d\u00e9veloppent des feuilles altern\u00e9es, arrondies de couleur vert sombre. Aime l\u2019exposition ensoleill\u00e9e et r\u00e9siste aux conditions difficiles. Id\u00e9al pour alignement en espaces restreints.Afin qu\u2019il garde tout son charme, doit \u00eatre taill\u00e9 tous les 2-3 ans.<\/p>\n","protected":false},"excerpt":{"rendered":"<p>\u201cAcacia Boule\u201d. Petit arbre au port dense, sph\u00e9rique et \u00e0 la croissance lente. Sur les branches fines et \u00e9rig\u00e9es, sans \u00e9pines, se d\u00e9veloppent des feuilles altern\u00e9es, arrondies de couleur vert sombre. Aime l\u2019exposition ensoleill\u00e9e et r\u00e9siste aux conditions difficiles. Id\u00e9al pour alignement en espaces restreints.Afin qu\u2019il garde tout son charme, doit \u00eatre taill\u00e9 tous les [&hellip;]<\/p>\n","protected":false},"featured_media":5358,"template":"","meta":{"_acf_changed":false},"product_brand":[],"product_cat":[8812],"product_tag":[10897,6255,8400],"class_list":{"0":"post-13260","1":"product","2":"type-product","3":"status-publish","4":"has-post-thumbnail","6":"product_cat-arbres-et-arbustes-a-feuilles-caduques","7":"product_tag-naturelle","8":"product_tag-demi-tige","9":"product_tag-tige","10":"pa_altezza-massima-400-fr","11":"pa_altezza-massima-600-fr","12":"pa_colore-fioritura-blanc","13":"pa_condizionamento-clt-fr","14":"pa_condizionamento-motte","15":"pa_famiglia-leguminosae-fr","16":"pa_genere-robinia-fr","17":"pa_inquinamento-resistance-a-la-pollution","18":"pa_origine-autriche","19":"pa_periodo-fioritura-juin","20":"pa_periodo-fioritura-mai","21":"pa_portamento-arrondi","22":"pa_resistenza-climatica-tres-elevee","23":"pa_resistenza-del-suolo-resistant-aux-sols-calcaires","24":"pa_resistenza-del-suolo-resistant-aux-sols-pauvres","25":"pa_salinita-resistance-a-la-salinisation","26":"pa_utilizzo-avenues-fr","27":"pa_utilizzo-petits-jardins","29":"first","30":"instock","31":"purchasable","32":"product-type-simple"},"acf":[],"_links":{"self":[{"href":"https:\/\/innocentiemangonipiante.it\/fr\/wp-json\/wp\/v2\/product\/13260","targetHints":{"allow":["GET"]}}],"collection":[{"href":"https:\/\/innocentiemangonipiante.it\/fr\/wp-json\/wp\/v2\/product"}],"about":[{"href":"https:\/\/innocentiemangonipiante.it\/fr\/wp-json\/wp\/v2\/types\/product"}],"wp:featuredmedia":[{"embeddable":true,"href":"https:\/\/innocentiemangonipiante.it\/fr\/wp-json\/wp\/v2\/media\/5358"}],"wp:attachment":[{"href":"https:\/\/innocentiemangonipiante.it\/fr\/wp-json\/wp\/v2\/media?parent=13260"}],"wp:term":[{"taxonomy":"product_brand","embeddable":true,"href":"https:\/\/innocentiemangonipiante.it\/fr\/wp-json\/wp\/v2\/product_brand?post=13260"},{"taxonomy":"product_cat","embeddable":true,"href":"https:\/\/innocentiemangonipiante.it\/fr\/wp-json\/wp\/v2\/product_cat?post=13260"},{"taxonomy":"product_tag","embeddable":true,"href":"https:\/\/innocentiemangonipiante.it\/fr\/wp-json\/wp\/v2\/product_tag?post=13260"}],"curies":[{"name":"wp","href":"https:\/\/api.w.org\/{rel}","templated":true}]}}