{"id":13261,"date":"2023-11-04T02:57:54","date_gmt":"2023-11-04T01:57:54","guid":{"rendered":"http:\/\/innocentiemangonipiante.it\/robinia-pseudoacacia-semperflorens\/"},"modified":"2023-11-06T15:54:40","modified_gmt":"2023-11-06T14:54:40","slug":"robinia-pseudoacacia-semperflorens","status":"publish","type":"product","link":"https:\/\/innocentiemangonipiante.it\/fr\/robinia-pseudoacacia-semperflorens\/","title":{"rendered":"ROBINIA pseudoacacia &lsquo;Semperflorens&rsquo;"},"content":{"rendered":"<p>Grand arbre caduc, tr\u00e8s vigoureux, avec feuillage de forme ovale. Le huppier est plus r\u00e9gulier que d\u2019ordinaire pour l\u2019esp\u00e8ce et les branches sont presque d\u00e9pourvues d\u2019\u00e9pines. Tr\u00e8s nombreuses fleurs blanches de juin \u00e0 septembre.<\/p>\n","protected":false},"excerpt":{"rendered":"<p>Grand arbre caduc, tr\u00e8s vigoureux, avec feuillage de forme ovale. Le huppier est plus r\u00e9gulier que d\u2019ordinaire pour l\u2019esp\u00e8ce et les branches sont presque d\u00e9pourvues d\u2019\u00e9pines. Tr\u00e8s nombreuses fleurs blanches de juin \u00e0 septembre.<\/p>\n","protected":false},"featured_media":24554,"template":"","meta":{"_acf_changed":false},"product_brand":[],"product_cat":[8812],"product_tag":[10897,8400],"class_list":{"0":"post-13261","1":"product","2":"type-product","3":"status-publish","4":"has-post-thumbnail","6":"product_cat-arbres-et-arbustes-a-feuilles-caduques","7":"product_tag-naturelle","8":"product_tag-tige","9":"pa_altezza-massima-20-metres","10":"pa_altezza-massima-25-metres","11":"pa_colore-fioritura-blanc","12":"pa_condizionamento-clt-fr","13":"pa_condizionamento-motte","14":"pa_famiglia-leguminosae-fr","15":"pa_genere-robinia-fr","16":"pa_inquinamento-resistance-a-la-pollution","17":"pa_origine-france-fr","18":"pa_periodo-fioritura-aout","19":"pa_periodo-fioritura-juillet","20":"pa_periodo-fioritura-juin","21":"pa_periodo-fioritura-septembre","22":"pa_portamento-arrondi","23":"pa_profumo-intense-fr","24":"pa_resistenza-climatica-tres-elevee","25":"pa_salinita-resistance-a-la-salinisation","26":"pa_utilizzo-avenues-fr","27":"pa_utilizzo-parcs","29":"first","30":"instock","31":"purchasable","32":"product-type-simple"},"acf":[],"_links":{"self":[{"href":"https:\/\/innocentiemangonipiante.it\/fr\/wp-json\/wp\/v2\/product\/13261","targetHints":{"allow":["GET"]}}],"collection":[{"href":"https:\/\/innocentiemangonipiante.it\/fr\/wp-json\/wp\/v2\/product"}],"about":[{"href":"https:\/\/innocentiemangonipiante.it\/fr\/wp-json\/wp\/v2\/types\/product"}],"wp:featuredmedia":[{"embeddable":true,"href":"https:\/\/innocentiemangonipiante.it\/fr\/wp-json\/wp\/v2\/media\/24554"}],"wp:attachment":[{"href":"https:\/\/innocentiemangonipiante.it\/fr\/wp-json\/wp\/v2\/media?parent=13261"}],"wp:term":[{"taxonomy":"product_brand","embeddable":true,"href":"https:\/\/innocentiemangonipiante.it\/fr\/wp-json\/wp\/v2\/product_brand?post=13261"},{"taxonomy":"product_cat","embeddable":true,"href":"https:\/\/innocentiemangonipiante.it\/fr\/wp-json\/wp\/v2\/product_cat?post=13261"},{"taxonomy":"product_tag","embeddable":true,"href":"https:\/\/innocentiemangonipiante.it\/fr\/wp-json\/wp\/v2\/product_tag?post=13261"}],"curies":[{"name":"wp","href":"https:\/\/api.w.org\/{rel}","templated":true}]}}