{"id":13262,"date":"2023-11-04T02:57:48","date_gmt":"2023-11-04T01:57:48","guid":{"rendered":"http:\/\/innocentiemangonipiante.it\/robinia-pseudoacacia-pyramidalis\/"},"modified":"2023-11-06T15:54:38","modified_gmt":"2023-11-06T14:54:38","slug":"robinia-pseudoacacia-pyramidalis","status":"publish","type":"product","link":"https:\/\/innocentiemangonipiante.it\/fr\/robinia-pseudoacacia-pyramidalis\/","title":{"rendered":"ROBINIA pseudoacacia &lsquo;Pyramidalis&rsquo;"},"content":{"rendered":"<p>Etroitement colonnaire, avec branches \u00e9rig\u00e9es sans \u00e9pines.<\/p>\n","protected":false},"excerpt":{"rendered":"<p>Etroitement colonnaire, avec branches \u00e9rig\u00e9es sans \u00e9pines.<\/p>\n","protected":false},"featured_media":0,"template":"","meta":{"_acf_changed":false},"product_brand":[],"product_cat":[8812],"product_tag":[10897,10900],"class_list":{"0":"post-13262","1":"product","2":"type-product","3":"status-publish","5":"product_cat-arbres-et-arbustes-a-feuilles-caduques","6":"product_tag-naturelle","7":"product_tag-tbb-fr-2","8":"pa_altezza-massima-500-fr","9":"pa_altezza-massima-800-fr","10":"pa_colore-fioritura-blanc","11":"pa_condizionamento-motte","12":"pa_famiglia-leguminosae-fr","13":"pa_genere-robinia-fr","14":"pa_inquinamento-resistance-a-la-pollution","15":"pa_origine-france-fr","16":"pa_periodo-fioritura-juin","17":"pa_periodo-fioritura-mai","18":"pa_portamento-de-colonne","19":"pa_profumo-intense-fr","20":"pa_resistenza-climatica-tres-elevee","21":"pa_resistenza-del-suolo-resistant-aux-sols-calcaires","22":"pa_resistenza-del-suolo-resistant-aux-sols-pauvres","23":"pa_salinita-resistance-a-la-salinisation","24":"pa_utilizzo-avenues-fr","25":"pa_utilizzo-petits-jardins","27":"first","28":"instock","29":"purchasable","30":"product-type-simple"},"acf":[],"_links":{"self":[{"href":"https:\/\/innocentiemangonipiante.it\/fr\/wp-json\/wp\/v2\/product\/13262","targetHints":{"allow":["GET"]}}],"collection":[{"href":"https:\/\/innocentiemangonipiante.it\/fr\/wp-json\/wp\/v2\/product"}],"about":[{"href":"https:\/\/innocentiemangonipiante.it\/fr\/wp-json\/wp\/v2\/types\/product"}],"wp:attachment":[{"href":"https:\/\/innocentiemangonipiante.it\/fr\/wp-json\/wp\/v2\/media?parent=13262"}],"wp:term":[{"taxonomy":"product_brand","embeddable":true,"href":"https:\/\/innocentiemangonipiante.it\/fr\/wp-json\/wp\/v2\/product_brand?post=13262"},{"taxonomy":"product_cat","embeddable":true,"href":"https:\/\/innocentiemangonipiante.it\/fr\/wp-json\/wp\/v2\/product_cat?post=13262"},{"taxonomy":"product_tag","embeddable":true,"href":"https:\/\/innocentiemangonipiante.it\/fr\/wp-json\/wp\/v2\/product_tag?post=13262"}],"curies":[{"name":"wp","href":"https:\/\/api.w.org\/{rel}","templated":true}]}}