{"id":13263,"date":"2023-11-04T02:57:43","date_gmt":"2023-11-04T01:57:43","guid":{"rendered":"http:\/\/innocentiemangonipiante.it\/robinia-pseudoacacia-monophylla\/"},"modified":"2023-11-06T15:54:35","modified_gmt":"2023-11-06T14:54:35","slug":"robinia-pseudoacacia-monophylla","status":"publish","type":"product","link":"https:\/\/innocentiemangonipiante.it\/fr\/robinia-pseudoacacia-monophylla\/","title":{"rendered":"ROBINIA pseudoacacia &lsquo;Monophylla&rsquo;"},"content":{"rendered":"<p>Feuillage form\u00e9 de feuilles singles. Sans \u00e9pines et croissance rapide. Belles couleurs automnales. Tr\u00e8s bien adapt\u00e9 \u00e0 l\u2019alignement en milieux difficiles.<\/p>\n","protected":false},"excerpt":{"rendered":"<p>Feuillage form\u00e9 de feuilles singles. Sans \u00e9pines et croissance rapide. Belles couleurs automnales. Tr\u00e8s bien adapt\u00e9 \u00e0 l\u2019alignement en milieux difficiles.<\/p>\n","protected":false},"featured_media":5350,"template":"","meta":{"_acf_changed":false},"product_brand":[],"product_cat":[8812],"product_tag":[10897],"class_list":{"0":"post-13263","1":"product","2":"type-product","3":"status-publish","4":"has-post-thumbnail","6":"product_cat-arbres-et-arbustes-a-feuilles-caduques","7":"product_tag-naturelle","8":"pa_altezza-massima-15-metres","9":"pa_altezza-massima-20-metres","10":"pa_colore-fioritura-blanc","11":"pa_famiglia-leguminosae-fr","12":"pa_genere-robinia-fr","13":"pa_inquinamento-resistance-a-la-pollution","14":"pa_origine-europe-fr","15":"pa_periodo-fioritura-juin","16":"pa_periodo-fioritura-mai","17":"pa_portamento-arrondi","18":"pa_profumo-intense-fr","19":"pa_resistenza-climatica-tres-elevee","20":"pa_resistenza-del-suolo-resistant-aux-sols-calcaires","21":"pa_resistenza-del-suolo-resistant-aux-sols-pauvres","22":"pa_salinita-resistance-a-la-salinisation","23":"pa_utilizzo-avenues-fr","24":"pa_utilizzo-parcs","26":"first","27":"instock","28":"purchasable","29":"product-type-simple"},"acf":[],"_links":{"self":[{"href":"https:\/\/innocentiemangonipiante.it\/fr\/wp-json\/wp\/v2\/product\/13263","targetHints":{"allow":["GET"]}}],"collection":[{"href":"https:\/\/innocentiemangonipiante.it\/fr\/wp-json\/wp\/v2\/product"}],"about":[{"href":"https:\/\/innocentiemangonipiante.it\/fr\/wp-json\/wp\/v2\/types\/product"}],"wp:featuredmedia":[{"embeddable":true,"href":"https:\/\/innocentiemangonipiante.it\/fr\/wp-json\/wp\/v2\/media\/5350"}],"wp:attachment":[{"href":"https:\/\/innocentiemangonipiante.it\/fr\/wp-json\/wp\/v2\/media?parent=13263"}],"wp:term":[{"taxonomy":"product_brand","embeddable":true,"href":"https:\/\/innocentiemangonipiante.it\/fr\/wp-json\/wp\/v2\/product_brand?post=13263"},{"taxonomy":"product_cat","embeddable":true,"href":"https:\/\/innocentiemangonipiante.it\/fr\/wp-json\/wp\/v2\/product_cat?post=13263"},{"taxonomy":"product_tag","embeddable":true,"href":"https:\/\/innocentiemangonipiante.it\/fr\/wp-json\/wp\/v2\/product_tag?post=13263"}],"curies":[{"name":"wp","href":"https:\/\/api.w.org\/{rel}","templated":true}]}}