{"id":13265,"date":"2023-11-04T02:57:20","date_gmt":"2023-11-04T01:57:20","guid":{"rendered":"http:\/\/innocentiemangonipiante.it\/robinia-pseudoacacia-casque-rouge\/"},"modified":"2023-11-06T15:54:28","modified_gmt":"2023-11-06T14:54:28","slug":"robinia-pseudoacacia-casque-rouge","status":"publish","type":"product","link":"https:\/\/innocentiemangonipiante.it\/fr\/robinia-pseudoacacia-casque-rouge\/","title":{"rendered":"ROBINIA pseudoacacia &lsquo;Casque Rouge&rsquo; \u00ae"},"content":{"rendered":"<p>Arbre au port arrondi, branches jeunes s\u00e9tif\u00e8res et feuilles penn\u00e9es, d\u2019un vert moyen, mesurant 20 cm et compos\u00e9es de 15 \u00e0 20 folioles ov\u00e9es. En mai-juin, s\u2019\u00e9panouissent des fleurs parfum\u00e9es de couleur rose pourpre fonc\u00e9 en grappes pendantes.<\/p>\n","protected":false},"excerpt":{"rendered":"<p>Arbre au port arrondi, branches jeunes s\u00e9tif\u00e8res et feuilles penn\u00e9es, d\u2019un vert moyen, mesurant 20 cm et compos\u00e9es de 15 \u00e0 20 folioles ov\u00e9es. En mai-juin, s\u2019\u00e9panouissent des fleurs parfum\u00e9es de couleur rose pourpre fonc\u00e9 en grappes pendantes.<\/p>\n","protected":false},"featured_media":5338,"template":"","meta":{"_acf_changed":false},"product_brand":[],"product_cat":[8812],"product_tag":[10897],"class_list":{"0":"post-13265","1":"product","2":"type-product","3":"status-publish","4":"has-post-thumbnail","6":"product_cat-arbres-et-arbustes-a-feuilles-caduques","7":"product_tag-naturelle","8":"pa_altezza-massima-800-fr","9":"pa_altezza-massima-1000-fr-2","10":"pa_colore-fioritura-magenta-fr","11":"pa_famiglia-leguminosae-fr","12":"pa_genere-robinia-fr","13":"pa_inquinamento-resistance-a-la-pollution","14":"pa_origine-origine-delle-piante-u-s-a","15":"pa_periodo-fioritura-juin","16":"pa_periodo-fioritura-mai","17":"pa_portamento-arrondi","18":"pa_profumo-intense-fr","19":"pa_resistenza-climatica-tres-elevee","20":"pa_resistenza-del-suolo-resistant-aux-sols-calcaires","21":"pa_resistenza-del-suolo-resistant-aux-sols-pauvres","22":"pa_salinita-resistance-a-la-salinisation","23":"pa_utilizzo-avenues-fr","24":"pa_utilizzo-petits-jardins","26":"first","27":"instock","28":"purchasable","29":"product-type-simple"},"acf":[],"_links":{"self":[{"href":"https:\/\/innocentiemangonipiante.it\/fr\/wp-json\/wp\/v2\/product\/13265","targetHints":{"allow":["GET"]}}],"collection":[{"href":"https:\/\/innocentiemangonipiante.it\/fr\/wp-json\/wp\/v2\/product"}],"about":[{"href":"https:\/\/innocentiemangonipiante.it\/fr\/wp-json\/wp\/v2\/types\/product"}],"wp:featuredmedia":[{"embeddable":true,"href":"https:\/\/innocentiemangonipiante.it\/fr\/wp-json\/wp\/v2\/media\/5338"}],"wp:attachment":[{"href":"https:\/\/innocentiemangonipiante.it\/fr\/wp-json\/wp\/v2\/media?parent=13265"}],"wp:term":[{"taxonomy":"product_brand","embeddable":true,"href":"https:\/\/innocentiemangonipiante.it\/fr\/wp-json\/wp\/v2\/product_brand?post=13265"},{"taxonomy":"product_cat","embeddable":true,"href":"https:\/\/innocentiemangonipiante.it\/fr\/wp-json\/wp\/v2\/product_cat?post=13265"},{"taxonomy":"product_tag","embeddable":true,"href":"https:\/\/innocentiemangonipiante.it\/fr\/wp-json\/wp\/v2\/product_tag?post=13265"}],"curies":[{"name":"wp","href":"https:\/\/api.w.org\/{rel}","templated":true}]}}