{"id":13266,"date":"2023-11-04T02:57:14","date_gmt":"2023-11-04T01:57:14","guid":{"rendered":"http:\/\/innocentiemangonipiante.it\/robinia-pseudoacacia-bessoniana\/"},"modified":"2023-11-06T15:54:25","modified_gmt":"2023-11-06T14:54:25","slug":"robinia-pseudoacacia-bessoniana","status":"publish","type":"product","link":"https:\/\/innocentiemangonipiante.it\/fr\/robinia-pseudoacacia-bessoniana\/","title":{"rendered":"ROBINIA pseudoacacia &lsquo;Bessoniana&rsquo;"},"content":{"rendered":"<p>Grand arbre caduc au port largement conique d\u2019abord puis plus arrondi en vieillissant. Les feuilles altern\u00e9es, penn\u00e9es, compos\u00e9es de 10 \u00e0 20 folioles elliptiques de 3-4 cm de longueur, sont d\u2019un vert fonc\u00e9 \u00e0 vert bleu\u00e2tre. Elles se d\u00e9veloppent sur les branches de couleur marron clair en g\u00e9n\u00e9ral sans \u00e9pines.<\/p>\n","protected":false},"excerpt":{"rendered":"<p>Grand arbre caduc au port largement conique d\u2019abord puis plus arrondi en vieillissant. Les feuilles altern\u00e9es, penn\u00e9es, compos\u00e9es de 10 \u00e0 20 folioles elliptiques de 3-4 cm de longueur, sont d\u2019un vert fonc\u00e9 \u00e0 vert bleu\u00e2tre. Elles se d\u00e9veloppent sur les branches de couleur marron clair en g\u00e9n\u00e9ral sans \u00e9pines.<\/p>\n","protected":false},"featured_media":5332,"template":"","meta":{"_acf_changed":false},"product_brand":[],"product_cat":[8812,9230],"product_tag":[10897],"class_list":{"0":"post-13266","1":"product","2":"type-product","3":"status-publish","4":"has-post-thumbnail","6":"product_cat-arbres-et-arbustes-a-feuilles-caduques","7":"product_cat-arbres-et-plantes-du-futur","8":"product_tag-naturelle","9":"pa_altezza-massima-800-fr","10":"pa_altezza-massima-12-metres","11":"pa_colore-fioritura-rouge","12":"pa_famiglia-leguminosae-fr","13":"pa_genere-robinia-fr","14":"pa_inquinamento-resistance-a-la-pollution","15":"pa_origine-origine-delle-piante-u-s-a","16":"pa_periodo-fioritura-juillet","17":"pa_periodo-fioritura-juin","18":"pa_portamento-arrondi","19":"pa_profumo-intense-fr","20":"pa_resistenza-climatica-tres-elevee","21":"pa_resistenza-del-suolo-resistant-aux-sols-calcaires","22":"pa_resistenza-del-suolo-resistant-aux-sols-pauvres","23":"pa_salinita-resistance-a-la-salinisation","24":"pa_utilizzo-avenues-fr","26":"first","27":"instock","28":"purchasable","29":"product-type-simple"},"acf":[],"_links":{"self":[{"href":"https:\/\/innocentiemangonipiante.it\/fr\/wp-json\/wp\/v2\/product\/13266","targetHints":{"allow":["GET"]}}],"collection":[{"href":"https:\/\/innocentiemangonipiante.it\/fr\/wp-json\/wp\/v2\/product"}],"about":[{"href":"https:\/\/innocentiemangonipiante.it\/fr\/wp-json\/wp\/v2\/types\/product"}],"wp:featuredmedia":[{"embeddable":true,"href":"https:\/\/innocentiemangonipiante.it\/fr\/wp-json\/wp\/v2\/media\/5332"}],"wp:attachment":[{"href":"https:\/\/innocentiemangonipiante.it\/fr\/wp-json\/wp\/v2\/media?parent=13266"}],"wp:term":[{"taxonomy":"product_brand","embeddable":true,"href":"https:\/\/innocentiemangonipiante.it\/fr\/wp-json\/wp\/v2\/product_brand?post=13266"},{"taxonomy":"product_cat","embeddable":true,"href":"https:\/\/innocentiemangonipiante.it\/fr\/wp-json\/wp\/v2\/product_cat?post=13266"},{"taxonomy":"product_tag","embeddable":true,"href":"https:\/\/innocentiemangonipiante.it\/fr\/wp-json\/wp\/v2\/product_tag?post=13266"}],"curies":[{"name":"wp","href":"https:\/\/api.w.org\/{rel}","templated":true}]}}