{"id":13267,"date":"2023-11-04T02:57:08","date_gmt":"2023-11-04T01:57:08","guid":{"rendered":"http:\/\/innocentiemangonipiante.it\/robinia-pseudoacacia\/"},"modified":"2023-11-06T15:54:22","modified_gmt":"2023-11-06T14:54:22","slug":"robinia-pseudoacacia","status":"publish","type":"product","link":"https:\/\/innocentiemangonipiante.it\/fr\/robinia-pseudoacacia\/","title":{"rendered":"ROBINIA pseudoacacia"},"content":{"rendered":"<p>Arbre \u00e0 croissance rapide, largement colonnaire, avec \u00e9pines. Feuilles vert fonc\u00e9. Fleurs blanches parfum\u00e9es au d\u00e9but\/mi-\u00e9t\u00e9.<\/p>\n","protected":false},"excerpt":{"rendered":"<p>Arbre \u00e0 croissance rapide, largement colonnaire, avec \u00e9pines. Feuilles vert fonc\u00e9. Fleurs blanches parfum\u00e9es au d\u00e9but\/mi-\u00e9t\u00e9.<\/p>\n","protected":false},"featured_media":5321,"template":"","meta":{"_acf_changed":false},"product_brand":[],"product_cat":[8812],"product_tag":[10897],"class_list":{"0":"post-13267","1":"product","2":"type-product","3":"status-publish","4":"has-post-thumbnail","6":"product_cat-arbres-et-arbustes-a-feuilles-caduques","7":"product_tag-naturelle","8":"pa_altezza-massima-20-metres","9":"pa_altezza-massima-25-metres","10":"pa_colore-fioritura-blanc","11":"pa_famiglia-leguminosae-fr","12":"pa_genere-robinia-fr","13":"pa_inquinamento-resistance-a-la-pollution","14":"pa_origine-origine-delle-piante-u-s-a","15":"pa_periodo-fioritura-juillet","16":"pa_periodo-fioritura-juin","17":"pa_portamento-arrondi","18":"pa_profumo-intense-fr","19":"pa_resistenza-climatica-tres-elevee","20":"pa_resistenza-del-suolo-resistant-aux-sols-calcaires","21":"pa_resistenza-del-suolo-resistant-aux-sols-pauvres","22":"pa_salinita-resistance-a-la-salinisation","23":"pa_utilizzo-parcs","25":"first","26":"instock","27":"purchasable","28":"product-type-simple"},"acf":[],"_links":{"self":[{"href":"https:\/\/innocentiemangonipiante.it\/fr\/wp-json\/wp\/v2\/product\/13267","targetHints":{"allow":["GET"]}}],"collection":[{"href":"https:\/\/innocentiemangonipiante.it\/fr\/wp-json\/wp\/v2\/product"}],"about":[{"href":"https:\/\/innocentiemangonipiante.it\/fr\/wp-json\/wp\/v2\/types\/product"}],"wp:featuredmedia":[{"embeddable":true,"href":"https:\/\/innocentiemangonipiante.it\/fr\/wp-json\/wp\/v2\/media\/5321"}],"wp:attachment":[{"href":"https:\/\/innocentiemangonipiante.it\/fr\/wp-json\/wp\/v2\/media?parent=13267"}],"wp:term":[{"taxonomy":"product_brand","embeddable":true,"href":"https:\/\/innocentiemangonipiante.it\/fr\/wp-json\/wp\/v2\/product_brand?post=13267"},{"taxonomy":"product_cat","embeddable":true,"href":"https:\/\/innocentiemangonipiante.it\/fr\/wp-json\/wp\/v2\/product_cat?post=13267"},{"taxonomy":"product_tag","embeddable":true,"href":"https:\/\/innocentiemangonipiante.it\/fr\/wp-json\/wp\/v2\/product_tag?post=13267"}],"curies":[{"name":"wp","href":"https:\/\/api.w.org\/{rel}","templated":true}]}}