{"id":13268,"date":"2023-11-04T02:57:02","date_gmt":"2023-11-04T01:57:02","guid":{"rendered":"http:\/\/innocentiemangonipiante.it\/robinia-elliottii\/"},"modified":"2023-11-06T15:54:20","modified_gmt":"2023-11-06T14:54:20","slug":"robinia-elliottii","status":"publish","type":"product","link":"https:\/\/innocentiemangonipiante.it\/fr\/robinia-elliottii\/","title":{"rendered":"ROBINIA elliottii"},"content":{"rendered":"<p>Arbuste \u00e0 feuilles caduques au port \u00e9rig\u00e9. Les feuilles penn\u00e9es sont compos\u00e9es de 9 \u00e0 13 folioles ov\u00e9es environ de couleur vert clair. En mai-juin, il donne des fleurs rose vif en grappes pendantes mesurant 12 cm. Les branches les plus jeunes sont couvertes de petits poils courts et rigides de couleur marron-rouge\u00e2tre.<\/p>\n","protected":false},"excerpt":{"rendered":"<p>Arbuste \u00e0 feuilles caduques au port \u00e9rig\u00e9. Les feuilles penn\u00e9es sont compos\u00e9es de 9 \u00e0 13 folioles ov\u00e9es environ de couleur vert clair. En mai-juin, il donne des fleurs rose vif en grappes pendantes mesurant 12 cm. Les branches les plus jeunes sont couvertes de petits poils courts et rigides de couleur marron-rouge\u00e2tre.<\/p>\n","protected":false},"featured_media":5315,"template":"","meta":{"_acf_changed":false},"product_brand":[],"product_cat":[8812],"product_tag":[10897,8400],"class_list":{"0":"post-13268","1":"product","2":"type-product","3":"status-publish","4":"has-post-thumbnail","6":"product_cat-arbres-et-arbustes-a-feuilles-caduques","7":"product_tag-naturelle","8":"product_tag-tige","9":"pa_altezza-massima-300-fr-2","10":"pa_altezza-massima-400-fr","11":"pa_colore-fioritura-rose","12":"pa_condizionamento-motte","13":"pa_famiglia-leguminosae-fr","14":"pa_genere-robinia-fr","15":"pa_inquinamento-resistance-a-la-pollution","16":"pa_origine-origine-delle-piante-u-s-a","17":"pa_periodo-fioritura-juin","18":"pa_periodo-fioritura-mai","19":"pa_portamento-eretto-fr","20":"pa_profumo-intense-fr","21":"pa_resistenza-climatica-tres-elevee","22":"pa_resistenza-del-suolo-resistant-aux-sols-calcaires","23":"pa_resistenza-del-suolo-resistant-aux-sols-pauvres","24":"pa_salinita-resistance-a-la-salinisation","25":"pa_utilizzo-avenues-fr","26":"pa_utilizzo-petits-jardins","28":"first","29":"instock","30":"purchasable","31":"product-type-simple"},"acf":[],"_links":{"self":[{"href":"https:\/\/innocentiemangonipiante.it\/fr\/wp-json\/wp\/v2\/product\/13268","targetHints":{"allow":["GET"]}}],"collection":[{"href":"https:\/\/innocentiemangonipiante.it\/fr\/wp-json\/wp\/v2\/product"}],"about":[{"href":"https:\/\/innocentiemangonipiante.it\/fr\/wp-json\/wp\/v2\/types\/product"}],"wp:featuredmedia":[{"embeddable":true,"href":"https:\/\/innocentiemangonipiante.it\/fr\/wp-json\/wp\/v2\/media\/5315"}],"wp:attachment":[{"href":"https:\/\/innocentiemangonipiante.it\/fr\/wp-json\/wp\/v2\/media?parent=13268"}],"wp:term":[{"taxonomy":"product_brand","embeddable":true,"href":"https:\/\/innocentiemangonipiante.it\/fr\/wp-json\/wp\/v2\/product_brand?post=13268"},{"taxonomy":"product_cat","embeddable":true,"href":"https:\/\/innocentiemangonipiante.it\/fr\/wp-json\/wp\/v2\/product_cat?post=13268"},{"taxonomy":"product_tag","embeddable":true,"href":"https:\/\/innocentiemangonipiante.it\/fr\/wp-json\/wp\/v2\/product_tag?post=13268"}],"curies":[{"name":"wp","href":"https:\/\/api.w.org\/{rel}","templated":true}]}}