{"id":13270,"date":"2023-11-04T02:58:32","date_gmt":"2023-11-04T01:58:32","guid":{"rendered":"http:\/\/innocentiemangonipiante.it\/rosa-canina\/"},"modified":"2023-11-06T15:54:58","modified_gmt":"2023-11-06T14:54:58","slug":"rosa-canina","status":"publish","type":"product","link":"https:\/\/innocentiemangonipiante.it\/fr\/rosa-canina\/","title":{"rendered":"ROSA canina"},"content":{"rendered":"<p>Vari\u00e9t\u00e9 spontan\u00e9e dans les bois, arbuste vigoureux, branches arqu\u00e9es. Fleurs solitaires blanches ou rose, feuillage caduque.<\/p>\n","protected":false},"excerpt":{"rendered":"<p>Vari\u00e9t\u00e9 spontan\u00e9e dans les bois, arbuste vigoureux, branches arqu\u00e9es. Fleurs solitaires blanches ou rose, feuillage caduque.<\/p>\n","protected":false},"featured_media":5382,"template":"","meta":{"_acf_changed":false},"product_brand":[],"product_cat":[8317],"product_tag":[10897],"class_list":{"0":"post-13270","1":"product","2":"type-product","3":"status-publish","4":"has-post-thumbnail","6":"product_cat-sans-categorie","7":"product_tag-naturelle","8":"pa_altezza-massima-200-fr","9":"pa_altezza-massima-300-fr-2","10":"pa_colore-fioritura-rose","11":"pa_condizionamento-clt-fr","12":"pa_famiglia-rosaceae-fr","13":"pa_genere-rosa-fr","14":"pa_origine-asie","15":"pa_origine-europe-fr","16":"pa_periodo-fioritura-juillet","17":"pa_periodo-fioritura-juin","18":"pa_periodo-fioritura-mai","19":"pa_portamento-pleureur","20":"pa_profumo-delicat","21":"pa_resistenza-climatica-tres-elevee","22":"pa_resistenza-del-suolo-resistant-aux-sols-calcaires","23":"pa_salinita-resistance-a-la-salinisation","24":"pa_utilizzo-parcs","25":"pa_utilizzo-petits-jardins","27":"first","28":"instock","29":"purchasable","30":"product-type-simple"},"acf":[],"_links":{"self":[{"href":"https:\/\/innocentiemangonipiante.it\/fr\/wp-json\/wp\/v2\/product\/13270","targetHints":{"allow":["GET"]}}],"collection":[{"href":"https:\/\/innocentiemangonipiante.it\/fr\/wp-json\/wp\/v2\/product"}],"about":[{"href":"https:\/\/innocentiemangonipiante.it\/fr\/wp-json\/wp\/v2\/types\/product"}],"wp:featuredmedia":[{"embeddable":true,"href":"https:\/\/innocentiemangonipiante.it\/fr\/wp-json\/wp\/v2\/media\/5382"}],"wp:attachment":[{"href":"https:\/\/innocentiemangonipiante.it\/fr\/wp-json\/wp\/v2\/media?parent=13270"}],"wp:term":[{"taxonomy":"product_brand","embeddable":true,"href":"https:\/\/innocentiemangonipiante.it\/fr\/wp-json\/wp\/v2\/product_brand?post=13270"},{"taxonomy":"product_cat","embeddable":true,"href":"https:\/\/innocentiemangonipiante.it\/fr\/wp-json\/wp\/v2\/product_cat?post=13270"},{"taxonomy":"product_tag","embeddable":true,"href":"https:\/\/innocentiemangonipiante.it\/fr\/wp-json\/wp\/v2\/product_tag?post=13270"}],"curies":[{"name":"wp","href":"https:\/\/api.w.org\/{rel}","templated":true}]}}