{"id":13271,"date":"2023-11-04T02:58:21","date_gmt":"2023-11-04T01:58:21","guid":{"rendered":"http:\/\/innocentiemangonipiante.it\/rosa-banksiae-rosea\/"},"modified":"2023-11-06T15:54:53","modified_gmt":"2023-11-06T14:54:53","slug":"rosa-banksiae-rosea","status":"publish","type":"product","link":"https:\/\/innocentiemangonipiante.it\/fr\/rosa-banksiae-rosea\/","title":{"rendered":"ROSA banksiae &lsquo;Rosea&rsquo;"},"content":{"rendered":"<p>Grimpant avec fleurs rose intense en corolles semidoubles de 4 \u00e0 5 cm, du mois de mai \u00e0 juin. Sans \u00e9pines.<\/p>\n","protected":false},"excerpt":{"rendered":"<p>Grimpant avec fleurs rose intense en corolles semidoubles de 4 \u00e0 5 cm, du mois de mai \u00e0 juin. Sans \u00e9pines.<\/p>\n","protected":false},"featured_media":5376,"template":"","meta":{"_acf_changed":false},"product_brand":[],"product_cat":[9230,8317],"product_tag":[10897],"class_list":{"0":"post-13271","1":"product","2":"type-product","3":"status-publish","4":"has-post-thumbnail","6":"product_cat-arbres-et-plantes-du-futur","7":"product_cat-sans-categorie","8":"product_tag-naturelle","9":"pa_altezza-massima-600-fr","10":"pa_altezza-massima-900-fr","11":"pa_colore-fioritura-rose","12":"pa_condizionamento-clt-fr","13":"pa_condizionamento-vs-fr","14":"pa_famiglia-rosaceae-fr","15":"pa_genere-rosa-fr","16":"pa_origine-asie","17":"pa_periodo-fioritura-juin","18":"pa_periodo-fioritura-mai","19":"pa_resistenza-climatica-moyenne-elevee","20":"pa_resistenza-del-suolo-resistant-aux-sols-calcaires","21":"pa_salinita-resistance-a-la-salinisation","22":"pa_utilizzo-balcons","23":"pa_utilizzo-parcs","24":"pa_utilizzo-petits-jardins","26":"first","27":"instock","28":"purchasable","29":"product-type-simple"},"acf":[],"_links":{"self":[{"href":"https:\/\/innocentiemangonipiante.it\/fr\/wp-json\/wp\/v2\/product\/13271","targetHints":{"allow":["GET"]}}],"collection":[{"href":"https:\/\/innocentiemangonipiante.it\/fr\/wp-json\/wp\/v2\/product"}],"about":[{"href":"https:\/\/innocentiemangonipiante.it\/fr\/wp-json\/wp\/v2\/types\/product"}],"wp:featuredmedia":[{"embeddable":true,"href":"https:\/\/innocentiemangonipiante.it\/fr\/wp-json\/wp\/v2\/media\/5376"}],"wp:attachment":[{"href":"https:\/\/innocentiemangonipiante.it\/fr\/wp-json\/wp\/v2\/media?parent=13271"}],"wp:term":[{"taxonomy":"product_brand","embeddable":true,"href":"https:\/\/innocentiemangonipiante.it\/fr\/wp-json\/wp\/v2\/product_brand?post=13271"},{"taxonomy":"product_cat","embeddable":true,"href":"https:\/\/innocentiemangonipiante.it\/fr\/wp-json\/wp\/v2\/product_cat?post=13271"},{"taxonomy":"product_tag","embeddable":true,"href":"https:\/\/innocentiemangonipiante.it\/fr\/wp-json\/wp\/v2\/product_tag?post=13271"}],"curies":[{"name":"wp","href":"https:\/\/api.w.org\/{rel}","templated":true}]}}