{"id":13273,"date":"2023-11-04T02:58:06","date_gmt":"2023-11-04T01:58:06","guid":{"rendered":"http:\/\/innocentiemangonipiante.it\/rosa-banksiae-alba-plena\/"},"modified":"2023-11-06T15:54:46","modified_gmt":"2023-11-06T14:54:46","slug":"rosa-banksiae-alba-plena","status":"publish","type":"product","link":"https:\/\/innocentiemangonipiante.it\/fr\/rosa-banksiae-alba-plena\/","title":{"rendered":"ROSA banksiae &lsquo;Alba Plena&rsquo;"},"content":{"rendered":"<p>Rose grimpante aux tiges longues et fr\u00eales, sans \u00e9pines et aux petites feuilles, allant du vert au vert fonc\u00e9 de forme elliptique-oblonguelanc\u00e9ol\u00e9e. \u00c0 la fin du printemps, s\u2019\u00e9panouissent des trochets de fleurs blanches, doubles et parfum\u00e9es d\u2019un diam\u00e8tre de 2,5 cm.<\/p>\n","protected":false},"excerpt":{"rendered":"<p>Rose grimpante aux tiges longues et fr\u00eales, sans \u00e9pines et aux petites feuilles, allant du vert au vert fonc\u00e9 de forme elliptique-oblonguelanc\u00e9ol\u00e9e. \u00c0 la fin du printemps, s\u2019\u00e9panouissent des trochets de fleurs blanches, doubles et parfum\u00e9es d\u2019un diam\u00e8tre de 2,5 cm.<\/p>\n","protected":false},"featured_media":5364,"template":"","meta":{"_acf_changed":false},"product_brand":[],"product_cat":[9230,8317],"product_tag":[10897],"class_list":{"0":"post-13273","1":"product","2":"type-product","3":"status-publish","4":"has-post-thumbnail","6":"product_cat-arbres-et-plantes-du-futur","7":"product_cat-sans-categorie","8":"product_tag-naturelle","9":"pa_altezza-massima-600-fr","10":"pa_altezza-massima-900-fr","11":"pa_colore-fioritura-blanc","12":"pa_condizionamento-clt-fr","13":"pa_condizionamento-vs-fr","14":"pa_famiglia-rosaceae-fr","15":"pa_genere-rosa-fr","16":"pa_origine-asie","17":"pa_periodo-fioritura-mai","18":"pa_profumo-delicat","19":"pa_resistenza-climatica-moyenne-elevee","20":"pa_resistenza-del-suolo-resistant-aux-sols-calcaires","21":"pa_salinita-resistance-a-la-salinisation","22":"pa_utilizzo-balcons","23":"pa_utilizzo-parcs","24":"pa_utilizzo-petits-jardins","26":"first","27":"instock","28":"purchasable","29":"product-type-simple"},"acf":[],"_links":{"self":[{"href":"https:\/\/innocentiemangonipiante.it\/fr\/wp-json\/wp\/v2\/product\/13273","targetHints":{"allow":["GET"]}}],"collection":[{"href":"https:\/\/innocentiemangonipiante.it\/fr\/wp-json\/wp\/v2\/product"}],"about":[{"href":"https:\/\/innocentiemangonipiante.it\/fr\/wp-json\/wp\/v2\/types\/product"}],"wp:featuredmedia":[{"embeddable":true,"href":"https:\/\/innocentiemangonipiante.it\/fr\/wp-json\/wp\/v2\/media\/5364"}],"wp:attachment":[{"href":"https:\/\/innocentiemangonipiante.it\/fr\/wp-json\/wp\/v2\/media?parent=13273"}],"wp:term":[{"taxonomy":"product_brand","embeddable":true,"href":"https:\/\/innocentiemangonipiante.it\/fr\/wp-json\/wp\/v2\/product_brand?post=13273"},{"taxonomy":"product_cat","embeddable":true,"href":"https:\/\/innocentiemangonipiante.it\/fr\/wp-json\/wp\/v2\/product_cat?post=13273"},{"taxonomy":"product_tag","embeddable":true,"href":"https:\/\/innocentiemangonipiante.it\/fr\/wp-json\/wp\/v2\/product_tag?post=13273"}],"curies":[{"name":"wp","href":"https:\/\/api.w.org\/{rel}","templated":true}]}}