{"id":13276,"date":"2023-11-04T02:59:30","date_gmt":"2023-11-04T01:59:30","guid":{"rendered":"http:\/\/innocentiemangonipiante.it\/rosmarinus-officinalis-corsican-blu\/"},"modified":"2023-11-06T15:55:28","modified_gmt":"2023-11-06T14:55:28","slug":"rosmarinus-officinalis-corsican-blu","status":"publish","type":"product","link":"https:\/\/innocentiemangonipiante.it\/fr\/rosmarinus-officinalis-corsican-blu\/","title":{"rendered":"ROSMARINUS officinalis &lsquo;Corsican Blu&rsquo;"},"content":{"rendered":"<p>Floraison bleu intense. Port \u00e9rig\u00e9.Variet\u00e9 qui r\u00e9siste aux exc\u00e8s d\u2019humidit\u00e9.<\/p>\n","protected":false},"excerpt":{"rendered":"<p>Floraison bleu intense. Port \u00e9rig\u00e9.Variet\u00e9 qui r\u00e9siste aux exc\u00e8s d\u2019humidit\u00e9.<\/p>\n","protected":false},"featured_media":0,"template":"","meta":{"_acf_changed":false},"product_brand":[],"product_cat":[8317],"product_tag":[10897,6267],"class_list":{"0":"post-13276","1":"product","2":"type-product","3":"status-publish","5":"product_cat-sans-categorie","6":"product_tag-naturelle","7":"product_tag-cone","8":"pa_altezza-massima-0_50-metres","9":"pa_altezza-massima-0_75-metres","10":"pa_colore-fioritura-bleu","11":"pa_condizionamento-clt-fr","12":"pa_famiglia-labiatae-fr","13":"pa_genere-rosmarinus-fr","14":"pa_origine-europe-mediterraneenne","15":"pa_periodo-fioritura-avril","16":"pa_periodo-fioritura-fevrier","17":"pa_periodo-fioritura-mars","18":"pa_periodo-fioritura-novembre-fr","19":"pa_periodo-fioritura-octobre","20":"pa_portamento-de-colonne","21":"pa_profumo-intense-fr","22":"pa_resistenza-climatica-moyenne","23":"pa_resistenza-del-suolo-resistant-aux-sols-calcaires","24":"pa_resistenza-del-suolo-resistant-aux-sols-secs","25":"pa_salinita-resistance-a-la-salinisation","26":"pa_utilizzo-balcons","27":"pa_utilizzo-bordures","28":"pa_utilizzo-petits-jardins","30":"first","31":"instock","32":"purchasable","33":"product-type-simple"},"acf":[],"_links":{"self":[{"href":"https:\/\/innocentiemangonipiante.it\/fr\/wp-json\/wp\/v2\/product\/13276","targetHints":{"allow":["GET"]}}],"collection":[{"href":"https:\/\/innocentiemangonipiante.it\/fr\/wp-json\/wp\/v2\/product"}],"about":[{"href":"https:\/\/innocentiemangonipiante.it\/fr\/wp-json\/wp\/v2\/types\/product"}],"wp:attachment":[{"href":"https:\/\/innocentiemangonipiante.it\/fr\/wp-json\/wp\/v2\/media?parent=13276"}],"wp:term":[{"taxonomy":"product_brand","embeddable":true,"href":"https:\/\/innocentiemangonipiante.it\/fr\/wp-json\/wp\/v2\/product_brand?post=13276"},{"taxonomy":"product_cat","embeddable":true,"href":"https:\/\/innocentiemangonipiante.it\/fr\/wp-json\/wp\/v2\/product_cat?post=13276"},{"taxonomy":"product_tag","embeddable":true,"href":"https:\/\/innocentiemangonipiante.it\/fr\/wp-json\/wp\/v2\/product_tag?post=13276"}],"curies":[{"name":"wp","href":"https:\/\/api.w.org\/{rel}","templated":true}]}}