{"id":13277,"date":"2023-11-04T02:59:36","date_gmt":"2023-11-04T01:59:36","guid":{"rendered":"http:\/\/innocentiemangonipiante.it\/rosmarinus-officinalis-prostratus\/"},"modified":"2023-11-06T15:55:30","modified_gmt":"2023-11-06T14:55:30","slug":"rosmarinus-officinalis-prostratus","status":"publish","type":"product","link":"https:\/\/innocentiemangonipiante.it\/fr\/rosmarinus-officinalis-prostratus\/","title":{"rendered":"ROSMARINUS officinalis &lsquo;Prostratus&rsquo;"},"content":{"rendered":"<p>Arbuste persistant au port prostr\u00e9, avec des branches arqu\u00e9es vers le bas et les feuilles semblables \u00e0 ce type de vari\u00e9t\u00e9.<\/p>\n","protected":false},"excerpt":{"rendered":"<p>Arbuste persistant au port prostr\u00e9, avec des branches arqu\u00e9es vers le bas et les feuilles semblables \u00e0 ce type de vari\u00e9t\u00e9.<\/p>\n","protected":false},"featured_media":5408,"template":"","meta":{"_acf_changed":false},"product_brand":[],"product_cat":[9230],"product_tag":[10897,6267],"class_list":{"0":"post-13277","1":"product","2":"type-product","3":"status-publish","4":"has-post-thumbnail","6":"product_cat-arbres-et-plantes-du-futur","7":"product_tag-naturelle","8":"product_tag-cone","9":"pa_altezza-massima-100-fr","10":"pa_altezza-massima-150-fr","11":"pa_colore-fioritura-azur","12":"pa_condizionamento-clt-fr","13":"pa_condizionamento-vs-fr","14":"pa_famiglia-labiatae-fr","15":"pa_genere-rosmarinus-fr","16":"pa_origine-europe-mediterraneenne","17":"pa_periodo-fioritura-aout","18":"pa_periodo-fioritura-avril","19":"pa_periodo-fioritura-juillet","20":"pa_periodo-fioritura-juin","21":"pa_periodo-fioritura-mai","22":"pa_periodo-fioritura-septembre","23":"pa_portamento-pleureur","24":"pa_profumo-intense-fr","25":"pa_resistenza-climatica-moyenne-elevee","26":"pa_resistenza-del-suolo-resistant-aux-sols-calcaires","27":"pa_resistenza-del-suolo-resistant-aux-sols-secs","28":"pa_salinita-resistance-a-la-salinisation","29":"pa_utilizzo-balcons","30":"pa_utilizzo-bordures","31":"pa_utilizzo-petits-jardins","33":"first","34":"instock","35":"purchasable","36":"product-type-simple"},"acf":[],"_links":{"self":[{"href":"https:\/\/innocentiemangonipiante.it\/fr\/wp-json\/wp\/v2\/product\/13277","targetHints":{"allow":["GET"]}}],"collection":[{"href":"https:\/\/innocentiemangonipiante.it\/fr\/wp-json\/wp\/v2\/product"}],"about":[{"href":"https:\/\/innocentiemangonipiante.it\/fr\/wp-json\/wp\/v2\/types\/product"}],"wp:featuredmedia":[{"embeddable":true,"href":"https:\/\/innocentiemangonipiante.it\/fr\/wp-json\/wp\/v2\/media\/5408"}],"wp:attachment":[{"href":"https:\/\/innocentiemangonipiante.it\/fr\/wp-json\/wp\/v2\/media?parent=13277"}],"wp:term":[{"taxonomy":"product_brand","embeddable":true,"href":"https:\/\/innocentiemangonipiante.it\/fr\/wp-json\/wp\/v2\/product_brand?post=13277"},{"taxonomy":"product_cat","embeddable":true,"href":"https:\/\/innocentiemangonipiante.it\/fr\/wp-json\/wp\/v2\/product_cat?post=13277"},{"taxonomy":"product_tag","embeddable":true,"href":"https:\/\/innocentiemangonipiante.it\/fr\/wp-json\/wp\/v2\/product_tag?post=13277"}],"curies":[{"name":"wp","href":"https:\/\/api.w.org\/{rel}","templated":true}]}}