{"id":13278,"date":"2023-11-04T02:59:18","date_gmt":"2023-11-04T01:59:18","guid":{"rendered":"http:\/\/innocentiemangonipiante.it\/rosmarinus-officinalis\/"},"modified":"2023-11-06T15:55:21","modified_gmt":"2023-11-06T14:55:21","slug":"rosmarinus-officinalis","status":"publish","type":"product","link":"https:\/\/innocentiemangonipiante.it\/fr\/rosmarinus-officinalis\/","title":{"rendered":"ROSMARINUS officinalis"},"content":{"rendered":"<p>\u201cRomarin\u201d. Arbuste persistant, aromatique, dense, au port \u00e9rig\u00e9 et aux feuilles lin\u00e9aires, coriaces, vert fonc\u00e9 d\u2019une longueur de 3-4 cm.<\/p>\n","protected":false},"excerpt":{"rendered":"<p>\u201cRomarin\u201d. Arbuste persistant, aromatique, dense, au port \u00e9rig\u00e9 et aux feuilles lin\u00e9aires, coriaces, vert fonc\u00e9 d\u2019une longueur de 3-4 cm.<\/p>\n","protected":false},"featured_media":5400,"template":"","meta":{"_acf_changed":false},"product_brand":[],"product_cat":[8317],"product_tag":[10897],"class_list":{"0":"post-13278","1":"product","2":"type-product","3":"status-publish","4":"has-post-thumbnail","6":"product_cat-sans-categorie","7":"product_tag-naturelle","8":"pa_altezza-massima-150-fr","9":"pa_altezza-massima-200-fr","10":"pa_colore-fioritura-azur","11":"pa_condizionamento-clt-fr","12":"pa_famiglia-labiatae-fr","13":"pa_genere-rosmarinus-fr","14":"pa_origine-europe-mediterraneenne","15":"pa_periodo-fioritura-aout","16":"pa_periodo-fioritura-avril","17":"pa_periodo-fioritura-juin","18":"pa_periodo-fioritura-mai","19":"pa_periodo-fioritura-septembre","20":"pa_portamento-de-colonne","21":"pa_profumo-intense-fr","22":"pa_resistenza-climatica-moyenne","23":"pa_resistenza-del-suolo-resistant-aux-sols-calcaires","24":"pa_resistenza-del-suolo-resistant-aux-sols-secs","25":"pa_salinita-resistance-a-la-salinisation","26":"pa_utilizzo-haies","27":"pa_utilizzo-parcs","28":"pa_utilizzo-petits-jardins","30":"first","31":"instock","32":"purchasable","33":"product-type-simple"},"acf":[],"_links":{"self":[{"href":"https:\/\/innocentiemangonipiante.it\/fr\/wp-json\/wp\/v2\/product\/13278","targetHints":{"allow":["GET"]}}],"collection":[{"href":"https:\/\/innocentiemangonipiante.it\/fr\/wp-json\/wp\/v2\/product"}],"about":[{"href":"https:\/\/innocentiemangonipiante.it\/fr\/wp-json\/wp\/v2\/types\/product"}],"wp:featuredmedia":[{"embeddable":true,"href":"https:\/\/innocentiemangonipiante.it\/fr\/wp-json\/wp\/v2\/media\/5400"}],"wp:attachment":[{"href":"https:\/\/innocentiemangonipiante.it\/fr\/wp-json\/wp\/v2\/media?parent=13278"}],"wp:term":[{"taxonomy":"product_brand","embeddable":true,"href":"https:\/\/innocentiemangonipiante.it\/fr\/wp-json\/wp\/v2\/product_brand?post=13278"},{"taxonomy":"product_cat","embeddable":true,"href":"https:\/\/innocentiemangonipiante.it\/fr\/wp-json\/wp\/v2\/product_cat?post=13278"},{"taxonomy":"product_tag","embeddable":true,"href":"https:\/\/innocentiemangonipiante.it\/fr\/wp-json\/wp\/v2\/product_tag?post=13278"}],"curies":[{"name":"wp","href":"https:\/\/api.w.org\/{rel}","templated":true}]}}