{"id":13279,"date":"2023-11-04T02:59:55","date_gmt":"2023-11-04T01:59:55","guid":{"rendered":"http:\/\/innocentiemangonipiante.it\/ruscus-aculeatus\/"},"modified":"2023-11-06T15:55:39","modified_gmt":"2023-11-06T14:55:39","slug":"ruscus-aculeatus","status":"publish","type":"product","link":"https:\/\/innocentiemangonipiante.it\/fr\/ruscus-aculeatus\/","title":{"rendered":"RUSCUS aculeatus"},"content":{"rendered":"<p>Sous-arbrisseau, rhizomateux, au port \u00e9rig\u00e9. Feuillage ov\u00e9, vert fonc\u00e9. De la fin de l\u2019\u00e9t\u00e9 \u00e0 l\u2019hiver, sur les sujets feminins, il produit des baies rouges sur la page sup\u00e9rieure des feuilles.<\/p>\n","protected":false},"excerpt":{"rendered":"<p>Sous-arbrisseau, rhizomateux, au port \u00e9rig\u00e9. Feuillage ov\u00e9, vert fonc\u00e9. De la fin de l\u2019\u00e9t\u00e9 \u00e0 l\u2019hiver, sur les sujets feminins, il produit des baies rouges sur la page sup\u00e9rieure des feuilles.<\/p>\n","protected":false},"featured_media":5414,"template":"","meta":{"_acf_changed":false},"product_brand":[],"product_cat":[8817],"product_tag":[10897],"class_list":{"0":"post-13279","1":"product","2":"type-product","3":"status-publish","4":"has-post-thumbnail","6":"product_cat-arbres-et-arbustes-persistants","7":"product_tag-naturelle","8":"pa_altezza-massima-0_50-metres","9":"pa_altezza-massima-0_75-metres","10":"pa_colore-fioritura-blanc","11":"pa_condizionamento-clt-fr","12":"pa_famiglia-ruscaceae-fr","13":"pa_genere-ruscus-fr","14":"pa_origine-europe-mediterraneenne","15":"pa_periodo-fioritura-avril","16":"pa_periodo-fioritura-mai","17":"pa_periodo-fruttificazione-decembre","18":"pa_periodo-fruttificazione-novembre-fr","19":"pa_portamento-arrondi","20":"pa_resistenza-climatica-tres-elevee","21":"pa_utilizzo-balcons","22":"pa_utilizzo-bordures","23":"pa_utilizzo-petits-jardins","25":"first","26":"instock","27":"purchasable","28":"product-type-simple"},"acf":[],"_links":{"self":[{"href":"https:\/\/innocentiemangonipiante.it\/fr\/wp-json\/wp\/v2\/product\/13279","targetHints":{"allow":["GET"]}}],"collection":[{"href":"https:\/\/innocentiemangonipiante.it\/fr\/wp-json\/wp\/v2\/product"}],"about":[{"href":"https:\/\/innocentiemangonipiante.it\/fr\/wp-json\/wp\/v2\/types\/product"}],"wp:featuredmedia":[{"embeddable":true,"href":"https:\/\/innocentiemangonipiante.it\/fr\/wp-json\/wp\/v2\/media\/5414"}],"wp:attachment":[{"href":"https:\/\/innocentiemangonipiante.it\/fr\/wp-json\/wp\/v2\/media?parent=13279"}],"wp:term":[{"taxonomy":"product_brand","embeddable":true,"href":"https:\/\/innocentiemangonipiante.it\/fr\/wp-json\/wp\/v2\/product_brand?post=13279"},{"taxonomy":"product_cat","embeddable":true,"href":"https:\/\/innocentiemangonipiante.it\/fr\/wp-json\/wp\/v2\/product_cat?post=13279"},{"taxonomy":"product_tag","embeddable":true,"href":"https:\/\/innocentiemangonipiante.it\/fr\/wp-json\/wp\/v2\/product_tag?post=13279"}],"curies":[{"name":"wp","href":"https:\/\/api.w.org\/{rel}","templated":true}]}}