{"id":13280,"date":"2023-11-04T03:00:43","date_gmt":"2023-11-04T02:00:43","guid":{"rendered":"http:\/\/innocentiemangonipiante.it\/salix-gracilistyla-mount-aso\/"},"modified":"2023-11-06T15:56:02","modified_gmt":"2023-11-06T14:56:02","slug":"salix-gracilistyla-mount-aso","status":"publish","type":"product","link":"https:\/\/innocentiemangonipiante.it\/fr\/salix-gracilistyla-mount-aso\/","title":{"rendered":"SALIX gracilistyla &lsquo;Mount Aso&rsquo;"},"content":{"rendered":"<p>Arbuste avec feuilles l\u00e9g\u00e8rement bleut\u00e9es, argent\u00e9es sur la face inf\u00e9rieure, qui virent au jaune intense en hiver. Les chatons, produits au printemps avant le feuillage, sont roses avec reflets argent\u00e9s.<\/p>\n","protected":false},"excerpt":{"rendered":"<p>Arbuste avec feuilles l\u00e9g\u00e8rement bleut\u00e9es, argent\u00e9es sur la face inf\u00e9rieure, qui virent au jaune intense en hiver. Les chatons, produits au printemps avant le feuillage, sont roses avec reflets argent\u00e9s.<\/p>\n","protected":false},"featured_media":5439,"template":"","meta":{"_acf_changed":false},"product_brand":[],"product_cat":[8812],"product_tag":[10897],"class_list":{"0":"post-13280","1":"product","2":"type-product","3":"status-publish","4":"has-post-thumbnail","6":"product_cat-arbres-et-arbustes-a-feuilles-caduques","7":"product_tag-naturelle","8":"pa_altezza-massima-120-fr","9":"pa_altezza-massima-180-fr","10":"pa_colore-delle-foglie-bleu","11":"pa_colore-fioritura-rose","12":"pa_famiglia-salicaceae-fr","13":"pa_genere-salix-fr","14":"pa_origine-japon","15":"pa_periodo-fioritura-fevrier","16":"pa_periodo-fioritura-mars","17":"pa_portamento-arrondi","18":"pa_resistenza-climatica-tres-elevee","19":"pa_utilizzo-balcons","20":"pa_utilizzo-petits-jardins","22":"first","23":"instock","24":"purchasable","25":"product-type-simple"},"acf":[],"_links":{"self":[{"href":"https:\/\/innocentiemangonipiante.it\/fr\/wp-json\/wp\/v2\/product\/13280","targetHints":{"allow":["GET"]}}],"collection":[{"href":"https:\/\/innocentiemangonipiante.it\/fr\/wp-json\/wp\/v2\/product"}],"about":[{"href":"https:\/\/innocentiemangonipiante.it\/fr\/wp-json\/wp\/v2\/types\/product"}],"wp:featuredmedia":[{"embeddable":true,"href":"https:\/\/innocentiemangonipiante.it\/fr\/wp-json\/wp\/v2\/media\/5439"}],"wp:attachment":[{"href":"https:\/\/innocentiemangonipiante.it\/fr\/wp-json\/wp\/v2\/media?parent=13280"}],"wp:term":[{"taxonomy":"product_brand","embeddable":true,"href":"https:\/\/innocentiemangonipiante.it\/fr\/wp-json\/wp\/v2\/product_brand?post=13280"},{"taxonomy":"product_cat","embeddable":true,"href":"https:\/\/innocentiemangonipiante.it\/fr\/wp-json\/wp\/v2\/product_cat?post=13280"},{"taxonomy":"product_tag","embeddable":true,"href":"https:\/\/innocentiemangonipiante.it\/fr\/wp-json\/wp\/v2\/product_tag?post=13280"}],"curies":[{"name":"wp","href":"https:\/\/api.w.org\/{rel}","templated":true}]}}