{"id":13281,"date":"2023-11-04T03:01:20","date_gmt":"2023-11-04T02:01:20","guid":{"rendered":"http:\/\/innocentiemangonipiante.it\/salix-rosmarinifolia\/"},"modified":"2023-11-06T15:56:21","modified_gmt":"2023-11-06T14:56:21","slug":"salix-rosmarinifolia","status":"publish","type":"product","link":"https:\/\/innocentiemangonipiante.it\/fr\/salix-rosmarinifolia\/","title":{"rendered":"SALIX rosmarinifolia"},"content":{"rendered":"<p>Feuilles lin\u00e9aires, caduques, tr\u00e8s \u00e9troites, vert clair en \u00e9t\u00e9 et jaune en automne.<\/p>\n","protected":false},"excerpt":{"rendered":"<p>Feuilles lin\u00e9aires, caduques, tr\u00e8s \u00e9troites, vert clair en \u00e9t\u00e9 et jaune en automne.<\/p>\n","protected":false},"featured_media":5475,"template":"","meta":{"_acf_changed":false},"product_brand":[],"product_cat":[8812],"product_tag":[10897],"class_list":{"0":"post-13281","1":"product","2":"type-product","3":"status-publish","4":"has-post-thumbnail","6":"product_cat-arbres-et-arbustes-a-feuilles-caduques","7":"product_tag-naturelle","8":"pa_altezza-massima-150-fr","9":"pa_altezza-massima-200-fr","10":"pa_colore-fioritura-jaune","11":"pa_condizionamento-clt-fr","12":"pa_famiglia-salicaceae-fr","13":"pa_genere-salix-fr","14":"pa_inquinamento-resistance-a-la-pollution","15":"pa_origine-europe-fr","16":"pa_periodo-fioritura-avril","17":"pa_portamento-pleureur","18":"pa_resistenza-climatica-tres-elevee","19":"pa_resistenza-del-suolo-resistant-au-sol-humide","20":"pa_salinita-resistance-a-la-salinisation","21":"pa_utilizzo-balcons","22":"pa_utilizzo-petits-jardins","24":"first","25":"instock","26":"purchasable","27":"product-type-simple"},"acf":[],"_links":{"self":[{"href":"https:\/\/innocentiemangonipiante.it\/fr\/wp-json\/wp\/v2\/product\/13281","targetHints":{"allow":["GET"]}}],"collection":[{"href":"https:\/\/innocentiemangonipiante.it\/fr\/wp-json\/wp\/v2\/product"}],"about":[{"href":"https:\/\/innocentiemangonipiante.it\/fr\/wp-json\/wp\/v2\/types\/product"}],"wp:featuredmedia":[{"embeddable":true,"href":"https:\/\/innocentiemangonipiante.it\/fr\/wp-json\/wp\/v2\/media\/5475"}],"wp:attachment":[{"href":"https:\/\/innocentiemangonipiante.it\/fr\/wp-json\/wp\/v2\/media?parent=13281"}],"wp:term":[{"taxonomy":"product_brand","embeddable":true,"href":"https:\/\/innocentiemangonipiante.it\/fr\/wp-json\/wp\/v2\/product_brand?post=13281"},{"taxonomy":"product_cat","embeddable":true,"href":"https:\/\/innocentiemangonipiante.it\/fr\/wp-json\/wp\/v2\/product_cat?post=13281"},{"taxonomy":"product_tag","embeddable":true,"href":"https:\/\/innocentiemangonipiante.it\/fr\/wp-json\/wp\/v2\/product_tag?post=13281"}],"curies":[{"name":"wp","href":"https:\/\/api.w.org\/{rel}","templated":true}]}}