{"id":13283,"date":"2023-11-04T03:01:08","date_gmt":"2023-11-04T02:01:08","guid":{"rendered":"http:\/\/innocentiemangonipiante.it\/salix-purpurea-nana\/"},"modified":"2023-11-06T15:56:15","modified_gmt":"2023-11-06T14:56:15","slug":"salix-purpurea-nana","status":"publish","type":"product","link":"https:\/\/innocentiemangonipiante.it\/fr\/salix-purpurea-nana\/","title":{"rendered":"SALIX purpurea &lsquo;Nana&rsquo;"},"content":{"rendered":"<p>Ce saule est tr\u00e8s d\u00e9coratif, compact et arrondi, pousse jusqu\u2019\u00e0 1,5 m\u00e8tres de hauteur. Couleur violet caract\u00e9ristique sur le tronc.<\/p>\n","protected":false},"excerpt":{"rendered":"<p>Ce saule est tr\u00e8s d\u00e9coratif, compact et arrondi, pousse jusqu\u2019\u00e0 1,5 m\u00e8tres de hauteur. Couleur violet caract\u00e9ristique sur le tronc.<\/p>\n","protected":false},"featured_media":5463,"template":"","meta":{"_acf_changed":false},"product_brand":[],"product_cat":[8812],"product_tag":[10897],"class_list":{"0":"post-13283","1":"product","2":"type-product","3":"status-publish","4":"has-post-thumbnail","6":"product_cat-arbres-et-arbustes-a-feuilles-caduques","7":"product_tag-naturelle","8":"pa_altezza-massima-150-fr","9":"pa_altezza-massima-200-fr","10":"pa_colore-fioritura-rouge","11":"pa_condizionamento-clt-fr","12":"pa_famiglia-salicaceae-fr","13":"pa_genere-salix-fr","14":"pa_inquinamento-resistance-a-la-pollution","15":"pa_origine-europe-fr","16":"pa_periodo-fioritura-avril","17":"pa_periodo-fioritura-mars","18":"pa_portamento-arrondi","19":"pa_resistenza-climatica-tres-elevee","20":"pa_resistenza-del-suolo-resistant-au-sol-humide","21":"pa_salinita-resistance-a-la-salinisation","22":"pa_utilizzo-balcons","23":"pa_utilizzo-petits-jardins","25":"first","26":"instock","27":"purchasable","28":"product-type-simple"},"acf":[],"_links":{"self":[{"href":"https:\/\/innocentiemangonipiante.it\/fr\/wp-json\/wp\/v2\/product\/13283","targetHints":{"allow":["GET"]}}],"collection":[{"href":"https:\/\/innocentiemangonipiante.it\/fr\/wp-json\/wp\/v2\/product"}],"about":[{"href":"https:\/\/innocentiemangonipiante.it\/fr\/wp-json\/wp\/v2\/types\/product"}],"wp:featuredmedia":[{"embeddable":true,"href":"https:\/\/innocentiemangonipiante.it\/fr\/wp-json\/wp\/v2\/media\/5463"}],"wp:attachment":[{"href":"https:\/\/innocentiemangonipiante.it\/fr\/wp-json\/wp\/v2\/media?parent=13283"}],"wp:term":[{"taxonomy":"product_brand","embeddable":true,"href":"https:\/\/innocentiemangonipiante.it\/fr\/wp-json\/wp\/v2\/product_brand?post=13283"},{"taxonomy":"product_cat","embeddable":true,"href":"https:\/\/innocentiemangonipiante.it\/fr\/wp-json\/wp\/v2\/product_cat?post=13283"},{"taxonomy":"product_tag","embeddable":true,"href":"https:\/\/innocentiemangonipiante.it\/fr\/wp-json\/wp\/v2\/product_tag?post=13283"}],"curies":[{"name":"wp","href":"https:\/\/api.w.org\/{rel}","templated":true}]}}