{"id":13284,"date":"2023-11-04T03:01:02","date_gmt":"2023-11-04T02:01:02","guid":{"rendered":"http:\/\/innocentiemangonipiante.it\/salix-matsudana-tortuosa\/"},"modified":"2023-11-06T15:56:12","modified_gmt":"2023-11-06T14:56:12","slug":"salix-matsudana-tortuosa","status":"publish","type":"product","link":"https:\/\/innocentiemangonipiante.it\/fr\/salix-matsudana-tortuosa\/","title":{"rendered":"SALIX matsudana &lsquo;Tortuosa&rsquo;"},"content":{"rendered":"<p>Grand arbuste au port \u00e9rig\u00e9 et \u00e0 la croissance rapide. Les branches sont curieusement ondul\u00e9es, surtout les plus r\u00e9centes. Les feuilles sont de couleur vert brillant et tordues. Particuli\u00e8rement d\u00e9coratif en hiver.<\/p>\n","protected":false},"excerpt":{"rendered":"<p>Grand arbuste au port \u00e9rig\u00e9 et \u00e0 la croissance rapide. Les branches sont curieusement ondul\u00e9es, surtout les plus r\u00e9centes. Les feuilles sont de couleur vert brillant et tordues. Particuli\u00e8rement d\u00e9coratif en hiver.<\/p>\n","protected":false},"featured_media":5457,"template":"","meta":{"_acf_changed":false},"product_brand":[],"product_cat":[8812],"product_tag":[10897,8400],"class_list":{"0":"post-13284","1":"product","2":"type-product","3":"status-publish","4":"has-post-thumbnail","6":"product_cat-arbres-et-arbustes-a-feuilles-caduques","7":"product_tag-naturelle","8":"product_tag-tige","9":"pa_altezza-massima-1000-fr-2","10":"pa_altezza-massima-15-metres","11":"pa_colore-fioritura-jaune","12":"pa_condizionamento-clt-fr","13":"pa_condizionamento-motte","14":"pa_famiglia-salicaceae-fr","15":"pa_genere-salix-fr","16":"pa_origine-asie-orientale","17":"pa_periodo-fioritura-avril","18":"pa_periodo-fioritura-mars","19":"pa_portamento-de-colonne","20":"pa_resistenza-climatica-tres-elevee","21":"pa_resistenza-del-suolo-resistant-au-sol-humide","22":"pa_resistenza-del-suolo-resistant-aux-sols-calcaires","23":"pa_salinita-resistance-a-la-salinisation","24":"pa_utilizzo-parcs","26":"first","27":"instock","28":"purchasable","29":"product-type-simple"},"acf":[],"_links":{"self":[{"href":"https:\/\/innocentiemangonipiante.it\/fr\/wp-json\/wp\/v2\/product\/13284","targetHints":{"allow":["GET"]}}],"collection":[{"href":"https:\/\/innocentiemangonipiante.it\/fr\/wp-json\/wp\/v2\/product"}],"about":[{"href":"https:\/\/innocentiemangonipiante.it\/fr\/wp-json\/wp\/v2\/types\/product"}],"wp:featuredmedia":[{"embeddable":true,"href":"https:\/\/innocentiemangonipiante.it\/fr\/wp-json\/wp\/v2\/media\/5457"}],"wp:attachment":[{"href":"https:\/\/innocentiemangonipiante.it\/fr\/wp-json\/wp\/v2\/media?parent=13284"}],"wp:term":[{"taxonomy":"product_brand","embeddable":true,"href":"https:\/\/innocentiemangonipiante.it\/fr\/wp-json\/wp\/v2\/product_brand?post=13284"},{"taxonomy":"product_cat","embeddable":true,"href":"https:\/\/innocentiemangonipiante.it\/fr\/wp-json\/wp\/v2\/product_cat?post=13284"},{"taxonomy":"product_tag","embeddable":true,"href":"https:\/\/innocentiemangonipiante.it\/fr\/wp-json\/wp\/v2\/product_tag?post=13284"}],"curies":[{"name":"wp","href":"https:\/\/api.w.org\/{rel}","templated":true}]}}