{"id":13286,"date":"2023-11-04T03:00:50","date_gmt":"2023-11-04T02:00:50","guid":{"rendered":"http:\/\/innocentiemangonipiante.it\/salix-integra-hakuro-nishiki\/"},"modified":"2023-11-06T15:56:07","modified_gmt":"2023-11-06T14:56:07","slug":"salix-integra-hakuro-nishiki","status":"publish","type":"product","link":"https:\/\/innocentiemangonipiante.it\/fr\/salix-integra-hakuro-nishiki\/","title":{"rendered":"SALIX integra &lsquo;Hakuro-Nishiki&rsquo;"},"content":{"rendered":"<p>Arbuste ou petit arbre avec branches retombant aux extr\u00e9mit\u00e9s. Les feuilles sont \u00e9troites et lanc\u00e9ol\u00e9es, d\u2019environ 10 cm de longueur. Au printemps, celles-ci sont roses, mais elles acqui\u00e8rent progressivement des rayures blanc-cr\u00e8me et vertes, jusqu\u2019\u00e0 devenir compl\u00e8tement vertes en plein \u00e9t\u00e9. Les branches deviennent rouge-orange en automne.<\/p>\n","protected":false},"excerpt":{"rendered":"<p>Arbuste ou petit arbre avec branches retombant aux extr\u00e9mit\u00e9s. Les feuilles sont \u00e9troites et lanc\u00e9ol\u00e9es, d\u2019environ 10 cm de longueur. Au printemps, celles-ci sont roses, mais elles acqui\u00e8rent progressivement des rayures blanc-cr\u00e8me et vertes, jusqu\u2019\u00e0 devenir compl\u00e8tement vertes en plein \u00e9t\u00e9. Les branches deviennent rouge-orange en automne.<\/p>\n","protected":false},"featured_media":5445,"template":"","meta":{"_acf_changed":false},"product_brand":[],"product_cat":[8812],"product_tag":[10897],"class_list":{"0":"post-13286","1":"product","2":"type-product","3":"status-publish","4":"has-post-thumbnail","6":"product_cat-arbres-et-arbustes-a-feuilles-caduques","7":"product_tag-naturelle","8":"pa_altezza-massima-150-fr","9":"pa_altezza-massima-200-fr","10":"pa_colore-delle-foglie-panachees","11":"pa_colore-fioritura-blanc","12":"pa_famiglia-salicaceae-fr","13":"pa_genere-salix-fr","14":"pa_origine-asie","15":"pa_periodo-fioritura-avril","16":"pa_periodo-fioritura-mars","17":"pa_portamento-pleureur","18":"pa_resistenza-climatica-tres-elevee","19":"pa_resistenza-del-suolo-resistant-au-sol-humide","20":"pa_utilizzo-petits-jardins","22":"first","23":"instock","24":"purchasable","25":"product-type-simple"},"acf":[],"_links":{"self":[{"href":"https:\/\/innocentiemangonipiante.it\/fr\/wp-json\/wp\/v2\/product\/13286","targetHints":{"allow":["GET"]}}],"collection":[{"href":"https:\/\/innocentiemangonipiante.it\/fr\/wp-json\/wp\/v2\/product"}],"about":[{"href":"https:\/\/innocentiemangonipiante.it\/fr\/wp-json\/wp\/v2\/types\/product"}],"wp:featuredmedia":[{"embeddable":true,"href":"https:\/\/innocentiemangonipiante.it\/fr\/wp-json\/wp\/v2\/media\/5445"}],"wp:attachment":[{"href":"https:\/\/innocentiemangonipiante.it\/fr\/wp-json\/wp\/v2\/media?parent=13286"}],"wp:term":[{"taxonomy":"product_brand","embeddable":true,"href":"https:\/\/innocentiemangonipiante.it\/fr\/wp-json\/wp\/v2\/product_brand?post=13286"},{"taxonomy":"product_cat","embeddable":true,"href":"https:\/\/innocentiemangonipiante.it\/fr\/wp-json\/wp\/v2\/product_cat?post=13286"},{"taxonomy":"product_tag","embeddable":true,"href":"https:\/\/innocentiemangonipiante.it\/fr\/wp-json\/wp\/v2\/product_tag?post=13286"}],"curies":[{"name":"wp","href":"https:\/\/api.w.org\/{rel}","templated":true}]}}