{"id":13287,"date":"2023-11-04T03:00:37","date_gmt":"2023-11-04T02:00:37","guid":{"rendered":"http:\/\/innocentiemangonipiante.it\/salix-caprea-pendula\/"},"modified":"2023-11-06T15:55:58","modified_gmt":"2023-11-06T14:55:58","slug":"salix-caprea-pendula","status":"publish","type":"product","link":"https:\/\/innocentiemangonipiante.it\/fr\/salix-caprea-pendula\/","title":{"rendered":"SALIX caprea &lsquo;Pendula&rsquo;"},"content":{"rendered":"<p>Arbre au port pleureur avec une couronne touffue constitu\u00e9e par de jets retombants de couleur vert, jaunes-bruns sur la face inf\u00e9rieure. En f\u00e9vrier-mars, il d\u00e9veloppe tout autour des branches encore d\u00e9pouill\u00e9es, des chatons m\u00e2les de couleur jaune d\u2019or dispos\u00e9s en petits groupes.<\/p>\n","protected":false},"excerpt":{"rendered":"<p>Arbre au port pleureur avec une couronne touffue constitu\u00e9e par de jets retombants de couleur vert, jaunes-bruns sur la face inf\u00e9rieure. En f\u00e9vrier-mars, il d\u00e9veloppe tout autour des branches encore d\u00e9pouill\u00e9es, des chatons m\u00e2les de couleur jaune d\u2019or dispos\u00e9s en petits groupes.<\/p>\n","protected":false},"featured_media":5433,"template":"","meta":{"_acf_changed":false},"product_brand":[],"product_cat":[8812],"product_tag":[10897,6255,8400,13889],"class_list":{"0":"post-13287","1":"product","2":"type-product","3":"status-publish","4":"has-post-thumbnail","6":"product_cat-arbres-et-arbustes-a-feuilles-caduques","7":"product_tag-naturelle","8":"product_tag-demi-tige","9":"product_tag-tige","10":"product_tag-tige-parasol","11":"pa_altezza-massima-200-fr","12":"pa_altezza-massima-300-fr-2","13":"pa_colore-fioritura-jaune","14":"pa_condizionamento-clt-fr","15":"pa_famiglia-salicaceae-fr","16":"pa_genere-salix-fr","17":"pa_origine-asie-orientale","18":"pa_periodo-fioritura-fevrier","19":"pa_periodo-fioritura-mars","20":"pa_portamento-pleureur","21":"pa_resistenza-climatica-tres-elevee","22":"pa_resistenza-del-suolo-resistant-au-sol-humide","23":"pa_resistenza-del-suolo-resistant-aux-sols-calcaires","24":"pa_resistenza-del-suolo-resistant-aux-sols-secs","25":"pa_salinita-resistance-a-la-salinisation","26":"pa_utilizzo-petits-jardins","28":"first","29":"instock","30":"purchasable","31":"product-type-simple"},"acf":[],"_links":{"self":[{"href":"https:\/\/innocentiemangonipiante.it\/fr\/wp-json\/wp\/v2\/product\/13287","targetHints":{"allow":["GET"]}}],"collection":[{"href":"https:\/\/innocentiemangonipiante.it\/fr\/wp-json\/wp\/v2\/product"}],"about":[{"href":"https:\/\/innocentiemangonipiante.it\/fr\/wp-json\/wp\/v2\/types\/product"}],"wp:featuredmedia":[{"embeddable":true,"href":"https:\/\/innocentiemangonipiante.it\/fr\/wp-json\/wp\/v2\/media\/5433"}],"wp:attachment":[{"href":"https:\/\/innocentiemangonipiante.it\/fr\/wp-json\/wp\/v2\/media?parent=13287"}],"wp:term":[{"taxonomy":"product_brand","embeddable":true,"href":"https:\/\/innocentiemangonipiante.it\/fr\/wp-json\/wp\/v2\/product_brand?post=13287"},{"taxonomy":"product_cat","embeddable":true,"href":"https:\/\/innocentiemangonipiante.it\/fr\/wp-json\/wp\/v2\/product_cat?post=13287"},{"taxonomy":"product_tag","embeddable":true,"href":"https:\/\/innocentiemangonipiante.it\/fr\/wp-json\/wp\/v2\/product_tag?post=13287"}],"curies":[{"name":"wp","href":"https:\/\/api.w.org\/{rel}","templated":true}]}}