{"id":13289,"date":"2023-11-04T03:00:19","date_gmt":"2023-11-04T02:00:19","guid":{"rendered":"http:\/\/innocentiemangonipiante.it\/salix-babylonica\/"},"modified":"2023-11-06T15:55:49","modified_gmt":"2023-11-06T14:55:49","slug":"salix-babylonica","status":"publish","type":"product","link":"https:\/\/innocentiemangonipiante.it\/fr\/salix-babylonica\/","title":{"rendered":"SALIX babylonica"},"content":{"rendered":"<p>\u201cSaule pleureur\u201d. Arbre au port pendant, arrondi, jets fr\u00eales, retombants, allant du vert au vert brun. Feuilles lanc\u00e9ol\u00e9es, dentel\u00e9es et fusel\u00e9es, vertes, d\u2019une longueur allant jusqu\u2019\u00e0 10 cm. Grises sur la face inf\u00e9rieure.<\/p>\n","protected":false},"excerpt":{"rendered":"<p>\u201cSaule pleureur\u201d. Arbre au port pendant, arrondi, jets fr\u00eales, retombants, allant du vert au vert brun. Feuilles lanc\u00e9ol\u00e9es, dentel\u00e9es et fusel\u00e9es, vertes, d\u2019une longueur allant jusqu\u2019\u00e0 10 cm. Grises sur la face inf\u00e9rieure.<\/p>\n","protected":false},"featured_media":5426,"template":"","meta":{"_acf_changed":false},"product_brand":[],"product_cat":[8812],"product_tag":[10897],"class_list":{"0":"post-13289","1":"product","2":"type-product","3":"status-publish","4":"has-post-thumbnail","6":"product_cat-arbres-et-arbustes-a-feuilles-caduques","7":"product_tag-naturelle","8":"pa_altezza-massima-800-fr","9":"pa_altezza-massima-12-metres","10":"pa_colore-fioritura-jaune","11":"pa_famiglia-salicaceae-fr","12":"pa_genere-salix-fr","13":"pa_origine-asie-orientale","14":"pa_periodo-fioritura-avril","15":"pa_periodo-fioritura-mars","16":"pa_portamento-pleureur","17":"pa_resistenza-climatica-moyenne-elevee","18":"pa_resistenza-del-suolo-resistant-au-sol-humide","19":"pa_utilizzo-parcs","21":"first","22":"instock","23":"purchasable","24":"product-type-simple"},"acf":[],"_links":{"self":[{"href":"https:\/\/innocentiemangonipiante.it\/fr\/wp-json\/wp\/v2\/product\/13289","targetHints":{"allow":["GET"]}}],"collection":[{"href":"https:\/\/innocentiemangonipiante.it\/fr\/wp-json\/wp\/v2\/product"}],"about":[{"href":"https:\/\/innocentiemangonipiante.it\/fr\/wp-json\/wp\/v2\/types\/product"}],"wp:featuredmedia":[{"embeddable":true,"href":"https:\/\/innocentiemangonipiante.it\/fr\/wp-json\/wp\/v2\/media\/5426"}],"wp:attachment":[{"href":"https:\/\/innocentiemangonipiante.it\/fr\/wp-json\/wp\/v2\/media?parent=13289"}],"wp:term":[{"taxonomy":"product_brand","embeddable":true,"href":"https:\/\/innocentiemangonipiante.it\/fr\/wp-json\/wp\/v2\/product_brand?post=13289"},{"taxonomy":"product_cat","embeddable":true,"href":"https:\/\/innocentiemangonipiante.it\/fr\/wp-json\/wp\/v2\/product_cat?post=13289"},{"taxonomy":"product_tag","embeddable":true,"href":"https:\/\/innocentiemangonipiante.it\/fr\/wp-json\/wp\/v2\/product_tag?post=13289"}],"curies":[{"name":"wp","href":"https:\/\/api.w.org\/{rel}","templated":true}]}}