{"id":13290,"date":"2023-11-04T03:00:06","date_gmt":"2023-11-04T02:00:06","guid":{"rendered":"http:\/\/innocentiemangonipiante.it\/salix-alba\/"},"modified":"2023-11-06T15:55:44","modified_gmt":"2023-11-06T14:55:44","slug":"salix-alba","status":"publish","type":"product","link":"https:\/\/innocentiemangonipiante.it\/fr\/salix-alba\/","title":{"rendered":"SALIX alba"},"content":{"rendered":"<p>Arbre caduc \u00e0 l\u2019\u00e9corce rugueuse gris fonc\u00e9. Ses feuilles longues et \u00e9troites (10 cm) sont de couleur vert opaque sur le dessus et de couleur bleu-vert en dessous. Les chatons, longs de 4 \u00e0 6 cm, apparaissent au printemps, en m\u00eame temps que les feuilles.<\/p>\n","protected":false},"excerpt":{"rendered":"<p>Arbre caduc \u00e0 l\u2019\u00e9corce rugueuse gris fonc\u00e9. Ses feuilles longues et \u00e9troites (10 cm) sont de couleur vert opaque sur le dessus et de couleur bleu-vert en dessous. Les chatons, longs de 4 \u00e0 6 cm, apparaissent au printemps, en m\u00eame temps que les feuilles.<\/p>\n","protected":false},"featured_media":5420,"template":"","meta":{"_acf_changed":false},"product_brand":[],"product_cat":[8812],"product_tag":[10897,8400],"class_list":{"0":"post-13290","1":"product","2":"type-product","3":"status-publish","4":"has-post-thumbnail","6":"product_cat-arbres-et-arbustes-a-feuilles-caduques","7":"product_tag-naturelle","8":"product_tag-tige","9":"pa_altezza-massima-20-metres","10":"pa_altezza-massima-25-metres","11":"pa_colore-fioritura-jaune","12":"pa_condizionamento-clt-fr","13":"pa_condizionamento-motte","14":"pa_famiglia-salicaceae-fr","15":"pa_genere-salix-fr","16":"pa_origine-europe-fr","17":"pa_periodo-fioritura-avril","18":"pa_periodo-fioritura-mars","19":"pa_portamento-arrondi","20":"pa_resistenza-climatica-moyenne-elevee","21":"pa_resistenza-del-suolo-resistant-au-sol-humide","22":"pa_utilizzo-parcs","24":"first","25":"instock","26":"purchasable","27":"product-type-simple"},"acf":[],"_links":{"self":[{"href":"https:\/\/innocentiemangonipiante.it\/fr\/wp-json\/wp\/v2\/product\/13290","targetHints":{"allow":["GET"]}}],"collection":[{"href":"https:\/\/innocentiemangonipiante.it\/fr\/wp-json\/wp\/v2\/product"}],"about":[{"href":"https:\/\/innocentiemangonipiante.it\/fr\/wp-json\/wp\/v2\/types\/product"}],"wp:featuredmedia":[{"embeddable":true,"href":"https:\/\/innocentiemangonipiante.it\/fr\/wp-json\/wp\/v2\/media\/5420"}],"wp:attachment":[{"href":"https:\/\/innocentiemangonipiante.it\/fr\/wp-json\/wp\/v2\/media?parent=13290"}],"wp:term":[{"taxonomy":"product_brand","embeddable":true,"href":"https:\/\/innocentiemangonipiante.it\/fr\/wp-json\/wp\/v2\/product_brand?post=13290"},{"taxonomy":"product_cat","embeddable":true,"href":"https:\/\/innocentiemangonipiante.it\/fr\/wp-json\/wp\/v2\/product_cat?post=13290"},{"taxonomy":"product_tag","embeddable":true,"href":"https:\/\/innocentiemangonipiante.it\/fr\/wp-json\/wp\/v2\/product_tag?post=13290"}],"curies":[{"name":"wp","href":"https:\/\/api.w.org\/{rel}","templated":true}]}}