{"id":13292,"date":"2023-11-04T03:02:48","date_gmt":"2023-11-04T02:02:48","guid":{"rendered":"http:\/\/innocentiemangonipiante.it\/santolina-chamaecyparissus\/"},"modified":"2023-11-06T15:57:29","modified_gmt":"2023-11-06T14:57:29","slug":"santolina-chamaecyparissus","status":"publish","type":"product","link":"https:\/\/innocentiemangonipiante.it\/fr\/santolina-chamaecyparissus\/","title":{"rendered":"SANTOLINA chamaecyparissus"},"content":{"rendered":"<p>Arbuste compact, arrondi. Feuilles \u00e9troitement oblongues, blanc-gris de 4 cm. \u00c0 la moiti\u00e9\/fin d\u2019\u00e9t\u00e9 produit des petites fleurs rondes jaune brillant.<\/p>\n","protected":false},"excerpt":{"rendered":"<p>Arbuste compact, arrondi. Feuilles \u00e9troitement oblongues, blanc-gris de 4 cm. \u00c0 la moiti\u00e9\/fin d\u2019\u00e9t\u00e9 produit des petites fleurs rondes jaune brillant.<\/p>\n","protected":false},"featured_media":5488,"template":"","meta":{"_acf_changed":false},"product_brand":[],"product_cat":[8317],"product_tag":[10897],"class_list":{"0":"post-13292","1":"product","2":"type-product","3":"status-publish","4":"has-post-thumbnail","6":"product_cat-sans-categorie","7":"product_tag-naturelle","8":"pa_altezza-massima-0_30-metres","9":"pa_altezza-massima-0_50-metres","10":"pa_colore-delle-foglie-grises","11":"pa_colore-fioritura-jaune","12":"pa_condizionamento-clt-fr","13":"pa_famiglia-asteraceae-fr","14":"pa_genere-santolina-fr","15":"pa_origine-europe-mediterraneenne","16":"pa_periodo-fioritura-aout","17":"pa_periodo-fioritura-juillet","18":"pa_portamento-arrondi","19":"pa_profumo-delicat","20":"pa_resistenza-climatica-moyenne","21":"pa_resistenza-del-suolo-resistant-aux-sols-calcaires","22":"pa_resistenza-del-suolo-resistant-aux-sols-secs","23":"pa_salinita-resistance-a-la-salinisation","24":"pa_utilizzo-balcons","25":"pa_utilizzo-petits-jardins","27":"first","28":"instock","29":"purchasable","30":"product-type-simple"},"acf":[],"_links":{"self":[{"href":"https:\/\/innocentiemangonipiante.it\/fr\/wp-json\/wp\/v2\/product\/13292","targetHints":{"allow":["GET"]}}],"collection":[{"href":"https:\/\/innocentiemangonipiante.it\/fr\/wp-json\/wp\/v2\/product"}],"about":[{"href":"https:\/\/innocentiemangonipiante.it\/fr\/wp-json\/wp\/v2\/types\/product"}],"wp:featuredmedia":[{"embeddable":true,"href":"https:\/\/innocentiemangonipiante.it\/fr\/wp-json\/wp\/v2\/media\/5488"}],"wp:attachment":[{"href":"https:\/\/innocentiemangonipiante.it\/fr\/wp-json\/wp\/v2\/media?parent=13292"}],"wp:term":[{"taxonomy":"product_brand","embeddable":true,"href":"https:\/\/innocentiemangonipiante.it\/fr\/wp-json\/wp\/v2\/product_brand?post=13292"},{"taxonomy":"product_cat","embeddable":true,"href":"https:\/\/innocentiemangonipiante.it\/fr\/wp-json\/wp\/v2\/product_cat?post=13292"},{"taxonomy":"product_tag","embeddable":true,"href":"https:\/\/innocentiemangonipiante.it\/fr\/wp-json\/wp\/v2\/product_tag?post=13292"}],"curies":[{"name":"wp","href":"https:\/\/api.w.org\/{rel}","templated":true}]}}