{"id":13293,"date":"2023-11-04T03:03:05","date_gmt":"2023-11-04T02:03:05","guid":{"rendered":"http:\/\/innocentiemangonipiante.it\/sarcococca-ruscifolia\/"},"modified":"2023-11-06T15:57:37","modified_gmt":"2023-11-06T14:57:37","slug":"sarcococca-ruscifolia","status":"publish","type":"product","link":"https:\/\/innocentiemangonipiante.it\/fr\/sarcococca-ruscifolia\/","title":{"rendered":"SARCOCOCCA ruscifolia"},"content":{"rendered":"<p>Arbuste \u00e0 feuilles persistantes, port \u00e9tendu avec des branches tordues et retombants. Les fleurs sont de couleur blanc pur et parfum\u00e9es.<\/p>\n","protected":false},"excerpt":{"rendered":"<p>Arbuste \u00e0 feuilles persistantes, port \u00e9tendu avec des branches tordues et retombants. Les fleurs sont de couleur blanc pur et parfum\u00e9es.<\/p>\n","protected":false},"featured_media":5511,"template":"","meta":{"_acf_changed":false},"product_brand":[],"product_cat":[8817],"product_tag":[10897],"class_list":{"0":"post-13293","1":"product","2":"type-product","3":"status-publish","4":"has-post-thumbnail","6":"product_cat-arbres-et-arbustes-persistants","7":"product_tag-naturelle","8":"pa_altezza-massima-0_50-metres","9":"pa_altezza-massima-100-fr","10":"pa_colore-fioritura-blanc","11":"pa_condizionamento-clt-fr","12":"pa_condizionamento-vs-fr","13":"pa_famiglia-buxaceae-fr","14":"pa_genere-sarcococca-fr","15":"pa_origine-asie-orientale","16":"pa_periodo-fioritura-decembre","17":"pa_periodo-fioritura-janvier","18":"pa_periodo-fioritura-novembre-fr","19":"pa_periodo-fruttificazione-fevrier","20":"pa_portamento-arrondi","21":"pa_profumo-intense-fr","22":"pa_resistenza-climatica-moyenne-elevee","23":"pa_resistenza-del-suolo-resistant-aux-sols-secs","24":"pa_utilizzo-bordures","25":"pa_utilizzo-haies","26":"pa_utilizzo-petits-jardins","28":"first","29":"instock","30":"purchasable","31":"product-type-simple"},"acf":[],"_links":{"self":[{"href":"https:\/\/innocentiemangonipiante.it\/fr\/wp-json\/wp\/v2\/product\/13293","targetHints":{"allow":["GET"]}}],"collection":[{"href":"https:\/\/innocentiemangonipiante.it\/fr\/wp-json\/wp\/v2\/product"}],"about":[{"href":"https:\/\/innocentiemangonipiante.it\/fr\/wp-json\/wp\/v2\/types\/product"}],"wp:featuredmedia":[{"embeddable":true,"href":"https:\/\/innocentiemangonipiante.it\/fr\/wp-json\/wp\/v2\/media\/5511"}],"wp:attachment":[{"href":"https:\/\/innocentiemangonipiante.it\/fr\/wp-json\/wp\/v2\/media?parent=13293"}],"wp:term":[{"taxonomy":"product_brand","embeddable":true,"href":"https:\/\/innocentiemangonipiante.it\/fr\/wp-json\/wp\/v2\/product_brand?post=13293"},{"taxonomy":"product_cat","embeddable":true,"href":"https:\/\/innocentiemangonipiante.it\/fr\/wp-json\/wp\/v2\/product_cat?post=13293"},{"taxonomy":"product_tag","embeddable":true,"href":"https:\/\/innocentiemangonipiante.it\/fr\/wp-json\/wp\/v2\/product_tag?post=13293"}],"curies":[{"name":"wp","href":"https:\/\/api.w.org\/{rel}","templated":true}]}}