{"id":13296,"date":"2023-11-04T03:03:44","date_gmt":"2023-11-04T02:03:44","guid":{"rendered":"http:\/\/innocentiemangonipiante.it\/schinus-molle\/"},"modified":"2023-11-06T15:57:52","modified_gmt":"2023-11-06T14:57:52","slug":"schinus-molle","status":"publish","type":"product","link":"https:\/\/innocentiemangonipiante.it\/fr\/schinus-molle\/","title":{"rendered":"SCHINUS molle"},"content":{"rendered":"<p>\u201cFaux poivrier\u201d. Arbre \u00e0 feuilles caduques au port ample. Les feuilles, recourb\u00e9es et penn\u00e9es sont compos\u00e9es de 20 \u00e0 40 folioles allant du vert au vert intense, \u00e9troites, lanc\u00e9ol\u00e9es, dent\u00e9es et brillantes. De la fin de l\u2019hiver \u00e0 l\u2019\u00e9t\u00e9, il porte de petites fleurs d\u2019un blanc jaun\u00e2tre, simples, en panicules baiss\u00e9es suivies de fruits en forme de baie de couleur rose. Le parfum des feuilles et la forme du fruit rappellent le poivre.<\/p>\n","protected":false},"excerpt":{"rendered":"<p>\u201cFaux poivrier\u201d. Arbre \u00e0 feuilles caduques au port ample. Les feuilles, recourb\u00e9es et penn\u00e9es sont compos\u00e9es de 20 \u00e0 40 folioles allant du vert au vert intense, \u00e9troites, lanc\u00e9ol\u00e9es, dent\u00e9es et brillantes. De la fin de l\u2019hiver \u00e0 l\u2019\u00e9t\u00e9, il porte de petites fleurs d\u2019un blanc jaun\u00e2tre, simples, en panicules baiss\u00e9es suivies de fruits en [&hellip;]<\/p>\n","protected":false},"featured_media":5517,"template":"","meta":{"_acf_changed":false},"product_brand":[],"product_cat":[8817,9230],"product_tag":[10897,8400],"class_list":{"0":"post-13296","1":"product","2":"type-product","3":"status-publish","4":"has-post-thumbnail","6":"product_cat-arbres-et-arbustes-persistants","7":"product_cat-arbres-et-plantes-du-futur","8":"product_tag-naturelle","9":"product_tag-tige","10":"pa_altezza-massima-800-fr","11":"pa_altezza-massima-12-metres","12":"pa_colore-fioritura-blanc","13":"pa_condizionamento-clt-fr","14":"pa_famiglia-anacardiaceae-fr","15":"pa_genere-schinus-fr","16":"pa_origine-bresil","17":"pa_periodo-fioritura-avril","18":"pa_periodo-fioritura-juillet","19":"pa_periodo-fioritura-juin","20":"pa_periodo-fioritura-mai","21":"pa_periodo-fruttificazione-octobre","22":"pa_portamento-eretto-fr","23":"pa_resistenza-climatica-plantes-avec-une-faible-resistance-climatique","24":"pa_resistenza-del-suolo-resistant-aux-sols-secs","25":"pa_salinita-resistance-a-la-salinisation","26":"pa_utilizzo-parcs","28":"first","29":"instock","30":"purchasable","31":"product-type-simple"},"acf":[],"_links":{"self":[{"href":"https:\/\/innocentiemangonipiante.it\/fr\/wp-json\/wp\/v2\/product\/13296","targetHints":{"allow":["GET"]}}],"collection":[{"href":"https:\/\/innocentiemangonipiante.it\/fr\/wp-json\/wp\/v2\/product"}],"about":[{"href":"https:\/\/innocentiemangonipiante.it\/fr\/wp-json\/wp\/v2\/types\/product"}],"wp:featuredmedia":[{"embeddable":true,"href":"https:\/\/innocentiemangonipiante.it\/fr\/wp-json\/wp\/v2\/media\/5517"}],"wp:attachment":[{"href":"https:\/\/innocentiemangonipiante.it\/fr\/wp-json\/wp\/v2\/media?parent=13296"}],"wp:term":[{"taxonomy":"product_brand","embeddable":true,"href":"https:\/\/innocentiemangonipiante.it\/fr\/wp-json\/wp\/v2\/product_brand?post=13296"},{"taxonomy":"product_cat","embeddable":true,"href":"https:\/\/innocentiemangonipiante.it\/fr\/wp-json\/wp\/v2\/product_cat?post=13296"},{"taxonomy":"product_tag","embeddable":true,"href":"https:\/\/innocentiemangonipiante.it\/fr\/wp-json\/wp\/v2\/product_tag?post=13296"}],"curies":[{"name":"wp","href":"https:\/\/api.w.org\/{rel}","templated":true}]}}