{"id":13297,"date":"2023-11-04T03:03:49","date_gmt":"2023-11-04T02:03:49","guid":{"rendered":"http:\/\/innocentiemangonipiante.it\/sciadopitys-verticillata\/"},"modified":"2023-11-06T15:57:55","modified_gmt":"2023-11-06T14:57:55","slug":"sciadopitys-verticillata","status":"publish","type":"product","link":"https:\/\/innocentiemangonipiante.it\/fr\/sciadopitys-verticillata\/","title":{"rendered":"SCIADOPITYS verticillata"},"content":{"rendered":"<p>Arbre persistant au port largement conique. L\u2019\u00e9corce, marron-rouge\u00e2tre, s\u2019effeuille en bandes en vieillissant. Les feuilles sont de couleur vert fonc\u00e9 sur la face sup\u00e9rieure et vert olive inf\u00e9rieure- ment, lin\u00e9aires, \u00e9troites et brillantes d\u2019une longueur de 10 \u00e0 15 cm. Ce conif\u00e8re spectaculaire et original n\u2019aime pas l\u2019exposition en plein soleil dans les r\u00e9gions chaudes.<\/p>\n","protected":false},"excerpt":{"rendered":"<p>Arbre persistant au port largement conique. L\u2019\u00e9corce, marron-rouge\u00e2tre, s\u2019effeuille en bandes en vieillissant. Les feuilles sont de couleur vert fonc\u00e9 sur la face sup\u00e9rieure et vert olive inf\u00e9rieure- ment, lin\u00e9aires, \u00e9troites et brillantes d\u2019une longueur de 10 \u00e0 15 cm. Ce conif\u00e8re spectaculaire et original n\u2019aime pas l\u2019exposition en plein soleil dans les r\u00e9gions chaudes.<\/p>\n","protected":false},"featured_media":5523,"template":"","meta":{"_acf_changed":false},"product_brand":[],"product_cat":[8824],"product_tag":[10897],"class_list":{"0":"post-13297","1":"product","2":"type-product","3":"status-publish","4":"has-post-thumbnail","6":"product_cat-coniferes","7":"product_tag-naturelle","8":"pa_altezza-massima-15-metres","9":"pa_altezza-massima-20-metres","10":"pa_condizionamento-clt-fr","11":"pa_famiglia-sciadopityaceae-fr-2","12":"pa_genere-sciadopitys-fr","13":"pa_origine-asie-orientale","14":"pa_portamento-piramidale-fr","15":"pa_resistenza-climatica-tres-elevee","16":"pa_resistenza-del-suolo-resistant-au-sol-humide","17":"pa_utilizzo-parcs","19":"first","20":"instock","21":"purchasable","22":"product-type-simple"},"acf":[],"_links":{"self":[{"href":"https:\/\/innocentiemangonipiante.it\/fr\/wp-json\/wp\/v2\/product\/13297","targetHints":{"allow":["GET"]}}],"collection":[{"href":"https:\/\/innocentiemangonipiante.it\/fr\/wp-json\/wp\/v2\/product"}],"about":[{"href":"https:\/\/innocentiemangonipiante.it\/fr\/wp-json\/wp\/v2\/types\/product"}],"wp:featuredmedia":[{"embeddable":true,"href":"https:\/\/innocentiemangonipiante.it\/fr\/wp-json\/wp\/v2\/media\/5523"}],"wp:attachment":[{"href":"https:\/\/innocentiemangonipiante.it\/fr\/wp-json\/wp\/v2\/media?parent=13297"}],"wp:term":[{"taxonomy":"product_brand","embeddable":true,"href":"https:\/\/innocentiemangonipiante.it\/fr\/wp-json\/wp\/v2\/product_brand?post=13297"},{"taxonomy":"product_cat","embeddable":true,"href":"https:\/\/innocentiemangonipiante.it\/fr\/wp-json\/wp\/v2\/product_cat?post=13297"},{"taxonomy":"product_tag","embeddable":true,"href":"https:\/\/innocentiemangonipiante.it\/fr\/wp-json\/wp\/v2\/product_tag?post=13297"}],"curies":[{"name":"wp","href":"https:\/\/api.w.org\/{rel}","templated":true}]}}