{"id":13298,"date":"2023-11-04T03:04:55","date_gmt":"2023-11-04T02:04:55","guid":{"rendered":"http:\/\/innocentiemangonipiante.it\/sequoia-sempervirens\/"},"modified":"2023-11-06T15:58:25","modified_gmt":"2023-11-06T14:58:25","slug":"sequoia-sempervirens","status":"publish","type":"product","link":"https:\/\/innocentiemangonipiante.it\/fr\/sequoia-sempervirens\/","title":{"rendered":"SEQUOIA sempervirens"},"content":{"rendered":"<p>Grand arbre (le plus grand du monde) au port largement conique et aux branches horizontales courb\u00e9es vers le bas. L\u2019\u00e9corce marron-rouge, \u00e9paisse et souple, se fissure en vieillissant. Les feuilles de couleur vert sombre sont rigides, lin\u00e9aires et pointues d\u2019une longueur de 2 cm.<\/p>\n","protected":false},"excerpt":{"rendered":"<p>Grand arbre (le plus grand du monde) au port largement conique et aux branches horizontales courb\u00e9es vers le bas. L\u2019\u00e9corce marron-rouge, \u00e9paisse et souple, se fissure en vieillissant. Les feuilles de couleur vert sombre sont rigides, lin\u00e9aires et pointues d\u2019une longueur de 2 cm.<\/p>\n","protected":false},"featured_media":5529,"template":"","meta":{"_acf_changed":false},"product_brand":[],"product_cat":[8824],"product_tag":[10897],"class_list":{"0":"post-13298","1":"product","2":"type-product","3":"status-publish","4":"has-post-thumbnail","6":"product_cat-coniferes","7":"product_tag-naturelle","8":"pa_altezza-massima-50-metres","9":"pa_altezza-massima-60-metres","10":"pa_condizionamento-clt-fr","11":"pa_condizionamento-motte","12":"pa_famiglia-taxodiaceae-fr","13":"pa_genere-sequoia-fr","14":"pa_origine-origine-delle-piante-u-s-a","15":"pa_portamento-piramidale-fr","16":"pa_resistenza-climatica-tres-elevee","17":"pa_utilizzo-parcs","19":"first","20":"instock","21":"purchasable","22":"product-type-simple"},"acf":[],"_links":{"self":[{"href":"https:\/\/innocentiemangonipiante.it\/fr\/wp-json\/wp\/v2\/product\/13298","targetHints":{"allow":["GET"]}}],"collection":[{"href":"https:\/\/innocentiemangonipiante.it\/fr\/wp-json\/wp\/v2\/product"}],"about":[{"href":"https:\/\/innocentiemangonipiante.it\/fr\/wp-json\/wp\/v2\/types\/product"}],"wp:featuredmedia":[{"embeddable":true,"href":"https:\/\/innocentiemangonipiante.it\/fr\/wp-json\/wp\/v2\/media\/5529"}],"wp:attachment":[{"href":"https:\/\/innocentiemangonipiante.it\/fr\/wp-json\/wp\/v2\/media?parent=13298"}],"wp:term":[{"taxonomy":"product_brand","embeddable":true,"href":"https:\/\/innocentiemangonipiante.it\/fr\/wp-json\/wp\/v2\/product_brand?post=13298"},{"taxonomy":"product_cat","embeddable":true,"href":"https:\/\/innocentiemangonipiante.it\/fr\/wp-json\/wp\/v2\/product_cat?post=13298"},{"taxonomy":"product_tag","embeddable":true,"href":"https:\/\/innocentiemangonipiante.it\/fr\/wp-json\/wp\/v2\/product_tag?post=13298"}],"curies":[{"name":"wp","href":"https:\/\/api.w.org\/{rel}","templated":true}]}}