{"id":13299,"date":"2023-11-04T03:05:19","date_gmt":"2023-11-04T02:05:19","guid":{"rendered":"http:\/\/innocentiemangonipiante.it\/skimmia-japonica-rubella\/"},"modified":"2023-11-06T15:58:36","modified_gmt":"2023-11-06T14:58:36","slug":"skimmia-japonica-rubella","status":"publish","type":"product","link":"https:\/\/innocentiemangonipiante.it\/fr\/skimmia-japonica-rubella\/","title":{"rendered":"SKIMMIA japonica &lsquo;Rubella&rsquo;"},"content":{"rendered":"<p>Petit arbuste persistant au port erig\u00e9. Les feuilles sont altern\u00e9es, ovales \u00e0 oblongues et lanc\u00e9ol\u00e9es, coriaces, rigides, brillantes et de couleur vert fonc\u00e9 avec de fins bords rose intense-rouge. Au cours de l\u2019hiver, il porte des panicules de petits bourgeons de couleur rouge-pourpre qui s\u2019\u00e9panouissent, en mars-avril, en fleurs m\u00e2les d\u2019un blanc-jaune.<\/p>\n","protected":false},"excerpt":{"rendered":"<p>Petit arbuste persistant au port erig\u00e9. Les feuilles sont altern\u00e9es, ovales \u00e0 oblongues et lanc\u00e9ol\u00e9es, coriaces, rigides, brillantes et de couleur vert fonc\u00e9 avec de fins bords rose intense-rouge. Au cours de l\u2019hiver, il porte des panicules de petits bourgeons de couleur rouge-pourpre qui s\u2019\u00e9panouissent, en mars-avril, en fleurs m\u00e2les d\u2019un blanc-jaune.<\/p>\n","protected":false},"featured_media":5536,"template":"","meta":{"_acf_changed":false},"product_brand":[],"product_cat":[8817],"product_tag":[10897],"class_list":{"0":"post-13299","1":"product","2":"type-product","3":"status-publish","4":"has-post-thumbnail","6":"product_cat-arbres-et-arbustes-persistants","7":"product_tag-naturelle","8":"pa_altezza-massima-100-fr","9":"pa_altezza-massima-150-fr","10":"pa_colore-delle-foglie-panachees","11":"pa_colore-fioritura-rouge","12":"pa_condizionamento-clt-fr","13":"pa_famiglia-rutaceae-fr","14":"pa_genere-skimmia-fr","15":"pa_inquinamento-resistance-a-la-pollution","16":"pa_origine-asie-orientale","17":"pa_periodo-fioritura-decembre","18":"pa_periodo-fioritura-novembre-fr","19":"pa_portamento-arrondi","20":"pa_profumo-delicat","21":"pa_resistenza-climatica-tres-elevee","22":"pa_utilizzo-balcons","23":"pa_utilizzo-petits-jardins","25":"first","26":"instock","27":"purchasable","28":"product-type-simple"},"acf":[],"_links":{"self":[{"href":"https:\/\/innocentiemangonipiante.it\/fr\/wp-json\/wp\/v2\/product\/13299","targetHints":{"allow":["GET"]}}],"collection":[{"href":"https:\/\/innocentiemangonipiante.it\/fr\/wp-json\/wp\/v2\/product"}],"about":[{"href":"https:\/\/innocentiemangonipiante.it\/fr\/wp-json\/wp\/v2\/types\/product"}],"wp:featuredmedia":[{"embeddable":true,"href":"https:\/\/innocentiemangonipiante.it\/fr\/wp-json\/wp\/v2\/media\/5536"}],"wp:attachment":[{"href":"https:\/\/innocentiemangonipiante.it\/fr\/wp-json\/wp\/v2\/media?parent=13299"}],"wp:term":[{"taxonomy":"product_brand","embeddable":true,"href":"https:\/\/innocentiemangonipiante.it\/fr\/wp-json\/wp\/v2\/product_brand?post=13299"},{"taxonomy":"product_cat","embeddable":true,"href":"https:\/\/innocentiemangonipiante.it\/fr\/wp-json\/wp\/v2\/product_cat?post=13299"},{"taxonomy":"product_tag","embeddable":true,"href":"https:\/\/innocentiemangonipiante.it\/fr\/wp-json\/wp\/v2\/product_tag?post=13299"}],"curies":[{"name":"wp","href":"https:\/\/api.w.org\/{rel}","templated":true}]}}