{"id":13300,"date":"2023-11-04T03:05:34","date_gmt":"2023-11-04T02:05:34","guid":{"rendered":"http:\/\/innocentiemangonipiante.it\/solanum-rantonnetii\/"},"modified":"2023-11-06T15:58:42","modified_gmt":"2023-11-06T14:58:42","slug":"solanum-rantonnetii","status":"publish","type":"product","link":"https:\/\/innocentiemangonipiante.it\/fr\/solanum-rantonnetii\/","title":{"rendered":"SOLANUM rantonnetii"},"content":{"rendered":"<p>Arbuste persistant avec port irr\u00e9gulier, feuilles de ov\u00e9es \u00e0 lanc\u00e9ol\u00e9es de couleur vert moyen. De l\u2019\u00e9t\u00e9 \u00e0 l\u2019automne il porte des fleurs de bleu pale \u00e0 bleu violet.<\/p>\n","protected":false},"excerpt":{"rendered":"<p>Arbuste persistant avec port irr\u00e9gulier, feuilles de ov\u00e9es \u00e0 lanc\u00e9ol\u00e9es de couleur vert moyen. De l\u2019\u00e9t\u00e9 \u00e0 l\u2019automne il porte des fleurs de bleu pale \u00e0 bleu violet.<\/p>\n","protected":false},"featured_media":24739,"template":"","meta":{"_acf_changed":false},"product_brand":[],"product_cat":[8836],"product_tag":[10897,6265,8735],"class_list":{"0":"post-13300","1":"product","2":"type-product","3":"status-publish","4":"has-post-thumbnail","6":"product_cat-lianes","7":"product_tag-naturelle","8":"product_tag-boule","9":"product_tag-quart-de-tige","10":"pa_altezza-massima-150-fr","11":"pa_altezza-massima-200-fr","12":"pa_arte-topiaria-disponible-plante-en-forme","13":"pa_colore-fioritura-azur","14":"pa_condizionamento-clt-fr","15":"pa_famiglia-solanaceae-fr","16":"pa_genere-solanum-fr","17":"pa_origine-bresil","18":"pa_periodo-fioritura-aout","19":"pa_periodo-fioritura-juillet","20":"pa_periodo-fioritura-juin","21":"pa_periodo-fioritura-octobre","22":"pa_periodo-fioritura-septembre","23":"pa_portamento-arrondi","24":"pa_resistenza-climatica-plantes-avec-une-faible-resistance-climatique","25":"pa_resistenza-del-suolo-resistant-aux-sols-calcaires","26":"pa_resistenza-del-suolo-resistant-aux-sols-secs","27":"pa_utilizzo-balcons","28":"pa_utilizzo-petits-jardins","30":"first","31":"instock","32":"purchasable","33":"product-type-simple"},"acf":[],"_links":{"self":[{"href":"https:\/\/innocentiemangonipiante.it\/fr\/wp-json\/wp\/v2\/product\/13300","targetHints":{"allow":["GET"]}}],"collection":[{"href":"https:\/\/innocentiemangonipiante.it\/fr\/wp-json\/wp\/v2\/product"}],"about":[{"href":"https:\/\/innocentiemangonipiante.it\/fr\/wp-json\/wp\/v2\/types\/product"}],"wp:featuredmedia":[{"embeddable":true,"href":"https:\/\/innocentiemangonipiante.it\/fr\/wp-json\/wp\/v2\/media\/24739"}],"wp:attachment":[{"href":"https:\/\/innocentiemangonipiante.it\/fr\/wp-json\/wp\/v2\/media?parent=13300"}],"wp:term":[{"taxonomy":"product_brand","embeddable":true,"href":"https:\/\/innocentiemangonipiante.it\/fr\/wp-json\/wp\/v2\/product_brand?post=13300"},{"taxonomy":"product_cat","embeddable":true,"href":"https:\/\/innocentiemangonipiante.it\/fr\/wp-json\/wp\/v2\/product_cat?post=13300"},{"taxonomy":"product_tag","embeddable":true,"href":"https:\/\/innocentiemangonipiante.it\/fr\/wp-json\/wp\/v2\/product_tag?post=13300"}],"curies":[{"name":"wp","href":"https:\/\/api.w.org\/{rel}","templated":true}]}}