{"id":13302,"date":"2023-11-04T03:06:04","date_gmt":"2023-11-04T02:06:04","guid":{"rendered":"http:\/\/innocentiemangonipiante.it\/sophora-japonica-regent\/"},"modified":"2023-11-06T15:58:58","modified_gmt":"2023-11-06T14:58:58","slug":"sophora-japonica-regent","status":"publish","type":"product","link":"https:\/\/innocentiemangonipiante.it\/fr\/sophora-japonica-regent\/","title":{"rendered":"SOPHORA japonica &lsquo;Regent&rsquo;"},"content":{"rendered":"<p>Arbre \u00e0 feuille caduque au port arrondi \u00e0 ample. Croissance rapide. \u00c9corce de couleur grise qui se fissure en vieillissant. Feuilles de couleur vert intense, plus grandes que celles de l\u2019esp\u00e8ce type. Floraison en grappes pyramidales de couleur blanche (juillet-ao\u00fbt) \u00e0 partir de la 8e-10e ann\u00e9e de vie de la plante.<\/p>\n","protected":false},"excerpt":{"rendered":"<p>Arbre \u00e0 feuille caduque au port arrondi \u00e0 ample. Croissance rapide. \u00c9corce de couleur grise qui se fissure en vieillissant. Feuilles de couleur vert intense, plus grandes que celles de l\u2019esp\u00e8ce type. Floraison en grappes pyramidales de couleur blanche (juillet-ao\u00fbt) \u00e0 partir de la 8e-10e ann\u00e9e de vie de la plante.<\/p>\n","protected":false},"featured_media":5556,"template":"","meta":{"_acf_changed":false},"product_brand":[],"product_cat":[8812],"product_tag":[10897,8596,8400],"class_list":{"0":"post-13302","1":"product","2":"type-product","3":"status-publish","4":"has-post-thumbnail","6":"product_cat-arbres-et-arbustes-a-feuilles-caduques","7":"product_tag-naturelle","8":"product_tag-cepee","9":"product_tag-tige","10":"pa_altezza-massima-15-metres","11":"pa_altezza-massima-20-metres","12":"pa_colore-fioritura-blanc","13":"pa_condizionamento-clt-fr","14":"pa_condizionamento-motte","15":"pa_famiglia-leguminosae-fr","16":"pa_genere-sophora-fr","17":"pa_inquinamento-resistance-a-la-pollution","18":"pa_origine-origine-delle-piante-u-s-a","19":"pa_periodo-fioritura-aout","20":"pa_periodo-fioritura-juillet","21":"pa_portamento-arrondi","22":"pa_profumo-intense-fr","23":"pa_resistenza-climatica-tres-elevee","24":"pa_resistenza-del-suolo-resistant-aux-sols-calcaires","25":"pa_resistenza-del-suolo-resistant-aux-sols-secs","26":"pa_utilizzo-avenues-fr","28":"first","29":"instock","30":"purchasable","31":"product-type-simple"},"acf":[],"_links":{"self":[{"href":"https:\/\/innocentiemangonipiante.it\/fr\/wp-json\/wp\/v2\/product\/13302","targetHints":{"allow":["GET"]}}],"collection":[{"href":"https:\/\/innocentiemangonipiante.it\/fr\/wp-json\/wp\/v2\/product"}],"about":[{"href":"https:\/\/innocentiemangonipiante.it\/fr\/wp-json\/wp\/v2\/types\/product"}],"wp:featuredmedia":[{"embeddable":true,"href":"https:\/\/innocentiemangonipiante.it\/fr\/wp-json\/wp\/v2\/media\/5556"}],"wp:attachment":[{"href":"https:\/\/innocentiemangonipiante.it\/fr\/wp-json\/wp\/v2\/media?parent=13302"}],"wp:term":[{"taxonomy":"product_brand","embeddable":true,"href":"https:\/\/innocentiemangonipiante.it\/fr\/wp-json\/wp\/v2\/product_brand?post=13302"},{"taxonomy":"product_cat","embeddable":true,"href":"https:\/\/innocentiemangonipiante.it\/fr\/wp-json\/wp\/v2\/product_cat?post=13302"},{"taxonomy":"product_tag","embeddable":true,"href":"https:\/\/innocentiemangonipiante.it\/fr\/wp-json\/wp\/v2\/product_tag?post=13302"}],"curies":[{"name":"wp","href":"https:\/\/api.w.org\/{rel}","templated":true}]}}