{"id":13303,"date":"2023-11-04T03:05:48","date_gmt":"2023-11-04T02:05:48","guid":{"rendered":"http:\/\/innocentiemangonipiante.it\/sophora-japonica-pendula\/"},"modified":"2023-11-06T15:58:47","modified_gmt":"2023-11-06T14:58:47","slug":"sophora-japonica-pendula","status":"publish","type":"product","link":"https:\/\/innocentiemangonipiante.it\/fr\/sophora-japonica-pendula\/","title":{"rendered":"SOPHORA japonica &lsquo;Pendula&rsquo;"},"content":{"rendered":"<p>Pr\u00e9sent\u00e9e normalement greff\u00e9e en arbre ou en arbrisseau, cette vari\u00e9t\u00e9 est particuli\u00e8rement d\u00e9corative en raison du port pleureure de ses longues branches qui, \u00e0 partir de l\u2019endroit de la greffe, parviennent g\u00e9n\u00e9ralement \u00e0 toucher le sol. Les feuilles sont de couleur vert fonc\u00e9, semblables \u00e0 l\u2019esp\u00e8ce type. Floraison estivale en panicules de fleurs d\u2019un blanc-jaune, retombantes elles aussi.<\/p>\n","protected":false},"excerpt":{"rendered":"<p>Pr\u00e9sent\u00e9e normalement greff\u00e9e en arbre ou en arbrisseau, cette vari\u00e9t\u00e9 est particuli\u00e8rement d\u00e9corative en raison du port pleureure de ses longues branches qui, \u00e0 partir de l\u2019endroit de la greffe, parviennent g\u00e9n\u00e9ralement \u00e0 toucher le sol. Les feuilles sont de couleur vert fonc\u00e9, semblables \u00e0 l\u2019esp\u00e8ce type. Floraison estivale en panicules de fleurs d\u2019un blanc-jaune, [&hellip;]<\/p>\n","protected":false},"featured_media":5550,"template":"","meta":{"_acf_changed":false},"product_brand":[],"product_cat":[8812],"product_tag":[10897,6255,8400],"class_list":{"0":"post-13303","1":"product","2":"type-product","3":"status-publish","4":"has-post-thumbnail","6":"product_cat-arbres-et-arbustes-a-feuilles-caduques","7":"product_tag-naturelle","8":"product_tag-demi-tige","9":"product_tag-tige","10":"pa_altezza-massima-500-fr","11":"pa_altezza-massima-800-fr","12":"pa_arte-topiaria-disponible-plante-en-forme","13":"pa_colore-fioritura-blanc","14":"pa_condizionamento-clt-fr","15":"pa_condizionamento-motte","16":"pa_famiglia-leguminosae-fr","17":"pa_genere-sophora-fr","18":"pa_inquinamento-resistance-a-la-pollution","19":"pa_origine-asie-orientale","20":"pa_periodo-fioritura-aout","21":"pa_periodo-fioritura-juillet","22":"pa_portamento-pleureur","23":"pa_profumo-intense-fr","24":"pa_resistenza-climatica-tres-elevee","25":"pa_resistenza-del-suolo-resistant-aux-sols-calcaires","26":"pa_resistenza-del-suolo-resistant-aux-sols-pauvres","27":"pa_resistenza-del-suolo-resistant-aux-sols-secs","28":"pa_salinita-resistance-a-la-salinisation","29":"pa_utilizzo-parcs","30":"pa_utilizzo-petits-jardins","32":"first","33":"instock","34":"purchasable","35":"product-type-simple"},"acf":[],"_links":{"self":[{"href":"https:\/\/innocentiemangonipiante.it\/fr\/wp-json\/wp\/v2\/product\/13303","targetHints":{"allow":["GET"]}}],"collection":[{"href":"https:\/\/innocentiemangonipiante.it\/fr\/wp-json\/wp\/v2\/product"}],"about":[{"href":"https:\/\/innocentiemangonipiante.it\/fr\/wp-json\/wp\/v2\/types\/product"}],"wp:featuredmedia":[{"embeddable":true,"href":"https:\/\/innocentiemangonipiante.it\/fr\/wp-json\/wp\/v2\/media\/5550"}],"wp:attachment":[{"href":"https:\/\/innocentiemangonipiante.it\/fr\/wp-json\/wp\/v2\/media?parent=13303"}],"wp:term":[{"taxonomy":"product_brand","embeddable":true,"href":"https:\/\/innocentiemangonipiante.it\/fr\/wp-json\/wp\/v2\/product_brand?post=13303"},{"taxonomy":"product_cat","embeddable":true,"href":"https:\/\/innocentiemangonipiante.it\/fr\/wp-json\/wp\/v2\/product_cat?post=13303"},{"taxonomy":"product_tag","embeddable":true,"href":"https:\/\/innocentiemangonipiante.it\/fr\/wp-json\/wp\/v2\/product_tag?post=13303"}],"curies":[{"name":"wp","href":"https:\/\/api.w.org\/{rel}","templated":true}]}}