{"id":13304,"date":"2023-11-04T03:05:40","date_gmt":"2023-11-04T02:05:40","guid":{"rendered":"http:\/\/innocentiemangonipiante.it\/sophora-japonica\/"},"modified":"2023-11-06T15:58:44","modified_gmt":"2023-11-06T14:58:44","slug":"sophora-japonica","status":"publish","type":"product","link":"https:\/\/innocentiemangonipiante.it\/fr\/sophora-japonica\/","title":{"rendered":"SOPHORA japonica"},"content":{"rendered":"<p>\u201cSophora du Japon\u201d. Arbre \u00e0 feuilles caduques au port ample et aux feuilles penn\u00e9es de 25 cm de longueur compos\u00e9es de 15 \u00e0 20 folioles ov\u00e9es \u00e0 lanc\u00e9ol\u00e9es, luisantes, vert fonc\u00e9, qui virent au jaune en automne. \u00c0 partir de la fin de l\u2019\u00e9t\u00e9, il porte des panicules terminales de 30 cm de petites fleurs papilionac\u00e9es de couleur blanche.<\/p>\n","protected":false},"excerpt":{"rendered":"<p>\u201cSophora du Japon\u201d. Arbre \u00e0 feuilles caduques au port ample et aux feuilles penn\u00e9es de 25 cm de longueur compos\u00e9es de 15 \u00e0 20 folioles ov\u00e9es \u00e0 lanc\u00e9ol\u00e9es, luisantes, vert fonc\u00e9, qui virent au jaune en automne. \u00c0 partir de la fin de l\u2019\u00e9t\u00e9, il porte des panicules terminales de 30 cm de petites fleurs [&hellip;]<\/p>\n","protected":false},"featured_media":5544,"template":"","meta":{"_acf_changed":false},"product_brand":[],"product_cat":[8812,9230],"product_tag":[10897,8596,8400],"class_list":{"0":"post-13304","1":"product","2":"type-product","3":"status-publish","4":"has-post-thumbnail","6":"product_cat-arbres-et-arbustes-a-feuilles-caduques","7":"product_cat-arbres-et-plantes-du-futur","8":"product_tag-naturelle","9":"product_tag-cepee","10":"product_tag-tige","11":"pa_altezza-massima-15-metres","12":"pa_altezza-massima-20-metres","13":"pa_colore-fioritura-blanc","14":"pa_condizionamento-clt-fr","15":"pa_condizionamento-motte","16":"pa_famiglia-leguminosae-fr","17":"pa_genere-sophora-fr","18":"pa_inquinamento-resistance-a-la-pollution","19":"pa_origine-asie-orientale","20":"pa_periodo-fioritura-septembre","21":"pa_portamento-eretto-fr","22":"pa_resistenza-climatica-tres-elevee","23":"pa_resistenza-del-suolo-resistant-aux-sols-calcaires","24":"pa_resistenza-del-suolo-resistant-aux-sols-pauvres","25":"pa_resistenza-del-suolo-resistant-aux-sols-secs","26":"pa_salinita-resistance-a-la-salinisation","27":"pa_utilizzo-avenues-fr","29":"first","30":"instock","31":"purchasable","32":"product-type-simple"},"acf":[],"_links":{"self":[{"href":"https:\/\/innocentiemangonipiante.it\/fr\/wp-json\/wp\/v2\/product\/13304","targetHints":{"allow":["GET"]}}],"collection":[{"href":"https:\/\/innocentiemangonipiante.it\/fr\/wp-json\/wp\/v2\/product"}],"about":[{"href":"https:\/\/innocentiemangonipiante.it\/fr\/wp-json\/wp\/v2\/types\/product"}],"wp:featuredmedia":[{"embeddable":true,"href":"https:\/\/innocentiemangonipiante.it\/fr\/wp-json\/wp\/v2\/media\/5544"}],"wp:attachment":[{"href":"https:\/\/innocentiemangonipiante.it\/fr\/wp-json\/wp\/v2\/media?parent=13304"}],"wp:term":[{"taxonomy":"product_brand","embeddable":true,"href":"https:\/\/innocentiemangonipiante.it\/fr\/wp-json\/wp\/v2\/product_brand?post=13304"},{"taxonomy":"product_cat","embeddable":true,"href":"https:\/\/innocentiemangonipiante.it\/fr\/wp-json\/wp\/v2\/product_cat?post=13304"},{"taxonomy":"product_tag","embeddable":true,"href":"https:\/\/innocentiemangonipiante.it\/fr\/wp-json\/wp\/v2\/product_tag?post=13304"}],"curies":[{"name":"wp","href":"https:\/\/api.w.org\/{rel}","templated":true}]}}