{"id":13306,"date":"2023-11-04T03:06:09","date_gmt":"2023-11-04T02:06:09","guid":{"rendered":"http:\/\/innocentiemangonipiante.it\/sorbus-aucuparia\/"},"modified":"2023-11-06T15:59:00","modified_gmt":"2023-11-06T14:59:00","slug":"sorbus-aucuparia","status":"publish","type":"product","link":"https:\/\/innocentiemangonipiante.it\/fr\/sorbus-aucuparia\/","title":{"rendered":"SORBUS aucuparia"},"content":{"rendered":"<p>\u201cSorbier des oiseaux\u201d. Arbre \u00e0 feuille caduque largement conique \u00e0 arrondi aux feuilles vertes qui virent au rouge-jaune en automne. En mai-juin, s\u2019\u00e9panouissent des petits groupes plats de fleurs blanches remplac\u00e9es par des fruits ronds de couleur orange-rouge qui m\u00fbrissent \u00e0 partir de la fin ao\u00fbt.<\/p>\n","protected":false},"excerpt":{"rendered":"<p>\u201cSorbier des oiseaux\u201d. Arbre \u00e0 feuille caduque largement conique \u00e0 arrondi aux feuilles vertes qui virent au rouge-jaune en automne. En mai-juin, s\u2019\u00e9panouissent des petits groupes plats de fleurs blanches remplac\u00e9es par des fruits ronds de couleur orange-rouge qui m\u00fbrissent \u00e0 partir de la fin ao\u00fbt.<\/p>\n","protected":false},"featured_media":5562,"template":"","meta":{"_acf_changed":false},"product_brand":[],"product_cat":[8812],"product_tag":[10897,8596,8400],"class_list":{"0":"post-13306","1":"product","2":"type-product","3":"status-publish","4":"has-post-thumbnail","6":"product_cat-arbres-et-arbustes-a-feuilles-caduques","7":"product_tag-naturelle","8":"product_tag-cepee","9":"product_tag-tige","10":"pa_altezza-massima-800-fr","11":"pa_altezza-massima-1000-fr-2","12":"pa_colore-fioritura-blanc","13":"pa_condizionamento-clt-fr","14":"pa_condizionamento-motte","15":"pa_famiglia-rosaceae-fr","16":"pa_genere-sorbus-fr","17":"pa_inquinamento-resistance-a-la-pollution","18":"pa_origine-europe-fr","19":"pa_periodo-fioritura-juin","20":"pa_periodo-fioritura-mai","21":"pa_periodo-fruttificazione-aout","22":"pa_portamento-arrondi","23":"pa_profumo-delicat","24":"pa_resistenza-climatica-tres-elevee","25":"pa_resistenza-del-suolo-resistant-au-sol-humide","26":"pa_resistenza-del-suolo-resistant-aux-sols-calcaires","27":"pa_resistenza-del-suolo-resistant-aux-sols-secs","28":"pa_salinita-resistance-a-la-salinisation","29":"pa_utilizzo-avenues-fr","30":"pa_utilizzo-petits-jardins","32":"first","33":"instock","34":"purchasable","35":"product-type-simple"},"acf":[],"_links":{"self":[{"href":"https:\/\/innocentiemangonipiante.it\/fr\/wp-json\/wp\/v2\/product\/13306","targetHints":{"allow":["GET"]}}],"collection":[{"href":"https:\/\/innocentiemangonipiante.it\/fr\/wp-json\/wp\/v2\/product"}],"about":[{"href":"https:\/\/innocentiemangonipiante.it\/fr\/wp-json\/wp\/v2\/types\/product"}],"wp:featuredmedia":[{"embeddable":true,"href":"https:\/\/innocentiemangonipiante.it\/fr\/wp-json\/wp\/v2\/media\/5562"}],"wp:attachment":[{"href":"https:\/\/innocentiemangonipiante.it\/fr\/wp-json\/wp\/v2\/media?parent=13306"}],"wp:term":[{"taxonomy":"product_brand","embeddable":true,"href":"https:\/\/innocentiemangonipiante.it\/fr\/wp-json\/wp\/v2\/product_brand?post=13306"},{"taxonomy":"product_cat","embeddable":true,"href":"https:\/\/innocentiemangonipiante.it\/fr\/wp-json\/wp\/v2\/product_cat?post=13306"},{"taxonomy":"product_tag","embeddable":true,"href":"https:\/\/innocentiemangonipiante.it\/fr\/wp-json\/wp\/v2\/product_tag?post=13306"}],"curies":[{"name":"wp","href":"https:\/\/api.w.org\/{rel}","templated":true}]}}