{"id":13307,"date":"2023-11-04T03:06:46","date_gmt":"2023-11-04T02:06:46","guid":{"rendered":"http:\/\/innocentiemangonipiante.it\/spartium-junceum\/"},"modified":"2023-11-06T15:59:14","modified_gmt":"2023-11-06T14:59:14","slug":"spartium-junceum","status":"publish","type":"product","link":"https:\/\/innocentiemangonipiante.it\/fr\/spartium-junceum\/","title":{"rendered":"SPARTIUM junceum"},"content":{"rendered":"<p>\u2018Gen\u00eat d\u2019Espagne\u2019. \u00c0 feuille caduque, grappes de fleurs parfum\u00e9es, jaunes, de mai \u00e0 ao\u00fbt.<\/p>\n","protected":false},"excerpt":{"rendered":"<p>\u2018Gen\u00eat d\u2019Espagne\u2019. \u00c0 feuille caduque, grappes de fleurs parfum\u00e9es, jaunes, de mai \u00e0 ao\u00fbt.<\/p>\n","protected":false},"featured_media":5569,"template":"","meta":{"_acf_changed":false},"product_brand":[],"product_cat":[8812],"product_tag":[10897],"class_list":{"0":"post-13307","1":"product","2":"type-product","3":"status-publish","4":"has-post-thumbnail","6":"product_cat-arbres-et-arbustes-a-feuilles-caduques","7":"product_tag-naturelle","8":"pa_altezza-massima-200-fr","9":"pa_altezza-massima-300-fr-2","10":"pa_colore-fioritura-jaune","11":"pa_condizionamento-clt-fr","12":"pa_famiglia-leguminosae-fr","13":"pa_genere-spartium-fr","14":"pa_origine-europe-mediterraneenne","15":"pa_periodo-fioritura-aout","16":"pa_periodo-fioritura-juillet","17":"pa_periodo-fioritura-juin","18":"pa_periodo-fioritura-mai","19":"pa_portamento-arrondi","20":"pa_resistenza-climatica-moyenne-elevee","21":"pa_resistenza-del-suolo-resistant-aux-sols-calcaires","22":"pa_resistenza-del-suolo-resistant-aux-sols-secs","23":"pa_salinita-resistance-a-la-salinisation","24":"pa_utilizzo-haies","25":"pa_utilizzo-parcs","26":"pa_utilizzo-petits-jardins","28":"first","29":"instock","30":"purchasable","31":"product-type-simple"},"acf":[],"_links":{"self":[{"href":"https:\/\/innocentiemangonipiante.it\/fr\/wp-json\/wp\/v2\/product\/13307","targetHints":{"allow":["GET"]}}],"collection":[{"href":"https:\/\/innocentiemangonipiante.it\/fr\/wp-json\/wp\/v2\/product"}],"about":[{"href":"https:\/\/innocentiemangonipiante.it\/fr\/wp-json\/wp\/v2\/types\/product"}],"wp:featuredmedia":[{"embeddable":true,"href":"https:\/\/innocentiemangonipiante.it\/fr\/wp-json\/wp\/v2\/media\/5569"}],"wp:attachment":[{"href":"https:\/\/innocentiemangonipiante.it\/fr\/wp-json\/wp\/v2\/media?parent=13307"}],"wp:term":[{"taxonomy":"product_brand","embeddable":true,"href":"https:\/\/innocentiemangonipiante.it\/fr\/wp-json\/wp\/v2\/product_brand?post=13307"},{"taxonomy":"product_cat","embeddable":true,"href":"https:\/\/innocentiemangonipiante.it\/fr\/wp-json\/wp\/v2\/product_cat?post=13307"},{"taxonomy":"product_tag","embeddable":true,"href":"https:\/\/innocentiemangonipiante.it\/fr\/wp-json\/wp\/v2\/product_tag?post=13307"}],"curies":[{"name":"wp","href":"https:\/\/api.w.org\/{rel}","templated":true}]}}