{"id":13308,"date":"2023-11-04T03:07:34","date_gmt":"2023-11-04T02:07:34","guid":{"rendered":"http:\/\/innocentiemangonipiante.it\/spiraea-x-vanhouttei\/"},"modified":"2023-11-06T16:00:12","modified_gmt":"2023-11-06T15:00:12","slug":"spiraea-x-vanhouttei","status":"publish","type":"product","link":"https:\/\/innocentiemangonipiante.it\/fr\/spiraea-x-vanhouttei\/","title":{"rendered":"SPIRAEA x vanhouttei"},"content":{"rendered":"<p>Arbuste compact, buissonnant, \u00e0 feuilles caduques, avec jets \u00e9lanc\u00e9s et incurv\u00e9s. Les feuilles rhombo\u00efdales \u00e0 ov\u00e9es, de 4-5 cm de longueur, sont cr\u00e9nel\u00e9es et peu dentel\u00e9es, vert sombre sur la face sup\u00e9rieure et vert-bleu au-dessous. Au d\u00e9but de l\u2019\u00e9t\u00e9, il donne des fleurs blanches dispos\u00e9es en corymbes d\u2019un diam\u00e8tre d\u2019environ 5 cm.<\/p>\n","protected":false},"excerpt":{"rendered":"<p>Arbuste compact, buissonnant, \u00e0 feuilles caduques, avec jets \u00e9lanc\u00e9s et incurv\u00e9s. Les feuilles rhombo\u00efdales \u00e0 ov\u00e9es, de 4-5 cm de longueur, sont cr\u00e9nel\u00e9es et peu dentel\u00e9es, vert sombre sur la face sup\u00e9rieure et vert-bleu au-dessous. Au d\u00e9but de l\u2019\u00e9t\u00e9, il donne des fleurs blanches dispos\u00e9es en corymbes d\u2019un diam\u00e8tre d\u2019environ 5 cm.<\/p>\n","protected":false},"featured_media":24781,"template":"","meta":{"_acf_changed":false},"product_brand":[],"product_cat":[8812],"product_tag":[10897],"class_list":{"0":"post-13308","1":"product","2":"type-product","3":"status-publish","4":"has-post-thumbnail","6":"product_cat-arbres-et-arbustes-a-feuilles-caduques","7":"product_tag-naturelle","8":"pa_altezza-massima-150-fr","9":"pa_altezza-massima-200-fr","10":"pa_colore-fioritura-blanc","11":"pa_condizionamento-clt-fr","12":"pa_famiglia-rosaceae-fr","13":"pa_genere-spiraea-fr","14":"pa_inquinamento-resistance-a-la-pollution","15":"pa_origine-france-fr","16":"pa_periodo-fioritura-juin","17":"pa_periodo-fioritura-mai","18":"pa_portamento-arrondi","19":"pa_resistenza-climatica-tres-elevee","20":"pa_resistenza-del-suolo-resistant-aux-sols-calcaires","21":"pa_resistenza-del-suolo-resistant-aux-sols-secs","22":"pa_salinita-resistance-a-la-salinisation","23":"pa_utilizzo-parcs","24":"pa_utilizzo-petits-jardins","26":"first","27":"instock","28":"purchasable","29":"product-type-simple"},"acf":[],"_links":{"self":[{"href":"https:\/\/innocentiemangonipiante.it\/fr\/wp-json\/wp\/v2\/product\/13308","targetHints":{"allow":["GET"]}}],"collection":[{"href":"https:\/\/innocentiemangonipiante.it\/fr\/wp-json\/wp\/v2\/product"}],"about":[{"href":"https:\/\/innocentiemangonipiante.it\/fr\/wp-json\/wp\/v2\/types\/product"}],"wp:featuredmedia":[{"embeddable":true,"href":"https:\/\/innocentiemangonipiante.it\/fr\/wp-json\/wp\/v2\/media\/24781"}],"wp:attachment":[{"href":"https:\/\/innocentiemangonipiante.it\/fr\/wp-json\/wp\/v2\/media?parent=13308"}],"wp:term":[{"taxonomy":"product_brand","embeddable":true,"href":"https:\/\/innocentiemangonipiante.it\/fr\/wp-json\/wp\/v2\/product_brand?post=13308"},{"taxonomy":"product_cat","embeddable":true,"href":"https:\/\/innocentiemangonipiante.it\/fr\/wp-json\/wp\/v2\/product_cat?post=13308"},{"taxonomy":"product_tag","embeddable":true,"href":"https:\/\/innocentiemangonipiante.it\/fr\/wp-json\/wp\/v2\/product_tag?post=13308"}],"curies":[{"name":"wp","href":"https:\/\/api.w.org\/{rel}","templated":true}]}}