{"id":13311,"date":"2023-11-04T03:06:58","date_gmt":"2023-11-04T02:06:58","guid":{"rendered":"http:\/\/innocentiemangonipiante.it\/spiraea-japonica-goldflame\/"},"modified":"2023-11-06T15:59:56","modified_gmt":"2023-11-06T14:59:56","slug":"spiraea-japonica-goldflame","status":"publish","type":"product","link":"https:\/\/innocentiemangonipiante.it\/fr\/spiraea-japonica-goldflame\/","title":{"rendered":"SPIRAEA japonica &lsquo;Goldflame&rsquo;"},"content":{"rendered":"<p>Arbuste de forme arrondie (dimensions: 60&#215;80 cm), \u00e0 feuilles caduques, d\u2019abord vert-bronze qui se transforment en jaune d\u2019or en \u00e9t\u00e9. Fleurs roses de Juin \u00e0 Septembre. Rustique, exige une exposition plein soleil.<\/p>\n","protected":false},"excerpt":{"rendered":"<p>Arbuste de forme arrondie (dimensions: 60&#215;80 cm), \u00e0 feuilles caduques, d\u2019abord vert-bronze qui se transforment en jaune d\u2019or en \u00e9t\u00e9. Fleurs roses de Juin \u00e0 Septembre. Rustique, exige une exposition plein soleil.<\/p>\n","protected":false},"featured_media":5581,"template":"","meta":{"_acf_changed":false},"product_brand":[],"product_cat":[8812],"product_tag":[10897],"class_list":{"0":"post-13311","1":"product","2":"type-product","3":"status-publish","4":"has-post-thumbnail","6":"product_cat-arbres-et-arbustes-a-feuilles-caduques","7":"product_tag-naturelle","8":"pa_altezza-massima-0_80-metres","9":"pa_altezza-massima-130-fr","10":"pa_colore-fioritura-rose","11":"pa_condizionamento-clt-fr","12":"pa_famiglia-rosaceae-fr","13":"pa_genere-spiraea-fr","14":"pa_origine-japon","15":"pa_periodo-fioritura-aout","16":"pa_periodo-fioritura-juillet","17":"pa_periodo-fioritura-juin","18":"pa_periodo-fioritura-septembre","19":"pa_portamento-arrondi","20":"pa_resistenza-climatica-tres-elevee","21":"pa_resistenza-del-suolo-resistant-au-sol-humide","22":"pa_resistenza-del-suolo-resistant-aux-sols-calcaires","23":"pa_salinita-resistance-a-la-salinisation","24":"pa_utilizzo-petits-jardins","26":"first","27":"instock","28":"purchasable","29":"product-type-simple"},"acf":[],"_links":{"self":[{"href":"https:\/\/innocentiemangonipiante.it\/fr\/wp-json\/wp\/v2\/product\/13311","targetHints":{"allow":["GET"]}}],"collection":[{"href":"https:\/\/innocentiemangonipiante.it\/fr\/wp-json\/wp\/v2\/product"}],"about":[{"href":"https:\/\/innocentiemangonipiante.it\/fr\/wp-json\/wp\/v2\/types\/product"}],"wp:featuredmedia":[{"embeddable":true,"href":"https:\/\/innocentiemangonipiante.it\/fr\/wp-json\/wp\/v2\/media\/5581"}],"wp:attachment":[{"href":"https:\/\/innocentiemangonipiante.it\/fr\/wp-json\/wp\/v2\/media?parent=13311"}],"wp:term":[{"taxonomy":"product_brand","embeddable":true,"href":"https:\/\/innocentiemangonipiante.it\/fr\/wp-json\/wp\/v2\/product_brand?post=13311"},{"taxonomy":"product_cat","embeddable":true,"href":"https:\/\/innocentiemangonipiante.it\/fr\/wp-json\/wp\/v2\/product_cat?post=13311"},{"taxonomy":"product_tag","embeddable":true,"href":"https:\/\/innocentiemangonipiante.it\/fr\/wp-json\/wp\/v2\/product_tag?post=13311"}],"curies":[{"name":"wp","href":"https:\/\/api.w.org\/{rel}","templated":true}]}}