{"id":13312,"date":"2023-11-04T03:06:52","date_gmt":"2023-11-04T02:06:52","guid":{"rendered":"http:\/\/innocentiemangonipiante.it\/spiraea-japonica-anthony-waterer\/"},"modified":"2023-11-06T15:59:53","modified_gmt":"2023-11-06T14:59:53","slug":"spiraea-japonica-anthony-waterer","status":"publish","type":"product","link":"https:\/\/innocentiemangonipiante.it\/fr\/spiraea-japonica-anthony-waterer\/","title":{"rendered":"SPIRAEA japonica &lsquo;Anthony Waterer&rsquo;"},"content":{"rendered":"<p>Arbuste \u00e0 feuilles caduques \u00e0 l\u2019aspect tr\u00e8s buissonnant. Les feuilles vert sombre, ov\u00e9es \u00e0 lanc\u00e9ol\u00e9es, profond\u00e9ment dent\u00e9es, mesurent jusqu\u2019\u00e0 12 cm. Floraison de couleur rouge intense de juillet \u00e0 septembre en corymbes d\u2019un diam\u00e8tre de 10 \u00e0 15 cm.<\/p>\n","protected":false},"excerpt":{"rendered":"<p>Arbuste \u00e0 feuilles caduques \u00e0 l\u2019aspect tr\u00e8s buissonnant. Les feuilles vert sombre, ov\u00e9es \u00e0 lanc\u00e9ol\u00e9es, profond\u00e9ment dent\u00e9es, mesurent jusqu\u2019\u00e0 12 cm. Floraison de couleur rouge intense de juillet \u00e0 septembre en corymbes d\u2019un diam\u00e8tre de 10 \u00e0 15 cm.<\/p>\n","protected":false},"featured_media":5575,"template":"","meta":{"_acf_changed":false},"product_brand":[],"product_cat":[8812],"product_tag":[10897],"class_list":{"0":"post-13312","1":"product","2":"type-product","3":"status-publish","4":"has-post-thumbnail","6":"product_cat-arbres-et-arbustes-a-feuilles-caduques","7":"product_tag-naturelle","8":"pa_altezza-massima-100-fr","9":"pa_altezza-massima-150-fr","10":"pa_colore-fioritura-rouge","11":"pa_condizionamento-clt-fr","12":"pa_famiglia-rosaceae-fr","13":"pa_genere-spiraea-fr","14":"pa_origine-japon","15":"pa_periodo-fioritura-aout","16":"pa_periodo-fioritura-juillet","17":"pa_periodo-fioritura-septembre","18":"pa_portamento-arrondi","19":"pa_resistenza-climatica-tres-elevee","20":"pa_resistenza-del-suolo-resistant-aux-sols-calcaires","21":"pa_resistenza-del-suolo-resistant-aux-sols-secs","22":"pa_salinita-resistance-a-la-salinisation","23":"pa_utilizzo-parcs","24":"pa_utilizzo-petits-jardins","26":"first","27":"instock","28":"purchasable","29":"product-type-simple"},"acf":[],"_links":{"self":[{"href":"https:\/\/innocentiemangonipiante.it\/fr\/wp-json\/wp\/v2\/product\/13312","targetHints":{"allow":["GET"]}}],"collection":[{"href":"https:\/\/innocentiemangonipiante.it\/fr\/wp-json\/wp\/v2\/product"}],"about":[{"href":"https:\/\/innocentiemangonipiante.it\/fr\/wp-json\/wp\/v2\/types\/product"}],"wp:featuredmedia":[{"embeddable":true,"href":"https:\/\/innocentiemangonipiante.it\/fr\/wp-json\/wp\/v2\/media\/5575"}],"wp:attachment":[{"href":"https:\/\/innocentiemangonipiante.it\/fr\/wp-json\/wp\/v2\/media?parent=13312"}],"wp:term":[{"taxonomy":"product_brand","embeddable":true,"href":"https:\/\/innocentiemangonipiante.it\/fr\/wp-json\/wp\/v2\/product_brand?post=13312"},{"taxonomy":"product_cat","embeddable":true,"href":"https:\/\/innocentiemangonipiante.it\/fr\/wp-json\/wp\/v2\/product_cat?post=13312"},{"taxonomy":"product_tag","embeddable":true,"href":"https:\/\/innocentiemangonipiante.it\/fr\/wp-json\/wp\/v2\/product_tag?post=13312"}],"curies":[{"name":"wp","href":"https:\/\/api.w.org\/{rel}","templated":true}]}}