{"id":13328,"date":"2023-11-04T03:09:00","date_gmt":"2023-11-04T02:09:00","guid":{"rendered":"http:\/\/innocentiemangonipiante.it\/syringa-reticulata-ivory-silk\/"},"modified":"2023-11-06T16:00:53","modified_gmt":"2023-11-06T15:00:53","slug":"syringa-reticulata-ivory-silk","status":"publish","type":"product","link":"https:\/\/innocentiemangonipiante.it\/fr\/syringa-reticulata-ivory-silk\/","title":{"rendered":"SYRINGA reticulata &lsquo;Ivory Silk&rsquo;"},"content":{"rendered":"<p>Fleurs blanc cr\u00e8me, perfum\u00e9es, dispos\u00e9es en panicules terminales denses, de fin mai \u00e0 d\u00e9but juin. Feuilles vertes elliptiques et ovales. \u00c9corce brun-rouge\u00e2tre.<\/p>\n","protected":false},"excerpt":{"rendered":"<p>Fleurs blanc cr\u00e8me, perfum\u00e9es, dispos\u00e9es en panicules terminales denses, de fin mai \u00e0 d\u00e9but juin. Feuilles vertes elliptiques et ovales. \u00c9corce brun-rouge\u00e2tre.<\/p>\n","protected":false},"featured_media":24852,"template":"","meta":{"_acf_changed":false},"product_brand":[],"product_cat":[8812],"product_tag":[10897,8400],"class_list":{"0":"post-13328","1":"product","2":"type-product","3":"status-publish","4":"has-post-thumbnail","6":"product_cat-arbres-et-arbustes-a-feuilles-caduques","7":"product_tag-naturelle","8":"product_tag-tige","9":"pa_altezza-massima-400-fr","10":"pa_altezza-massima-600-fr","11":"pa_colore-fioritura-blanc","12":"pa_condizionamento-clt-fr","13":"pa_condizionamento-motte","14":"pa_famiglia-oleaceae-fr","15":"pa_genere-syringa-fr","16":"pa_inquinamento-resistance-a-la-pollution","17":"pa_origine-japon","18":"pa_periodo-fioritura-juin","19":"pa_periodo-fioritura-mai","20":"pa_portamento-arrondi","21":"pa_profumo-intense-fr","22":"pa_resistenza-climatica-tres-elevee","23":"pa_resistenza-del-suolo-resistant-aux-sols-secs","24":"pa_utilizzo-parcs","25":"pa_utilizzo-petits-jardins","27":"first","28":"instock","29":"purchasable","30":"product-type-simple"},"acf":[],"_links":{"self":[{"href":"https:\/\/innocentiemangonipiante.it\/fr\/wp-json\/wp\/v2\/product\/13328","targetHints":{"allow":["GET"]}}],"collection":[{"href":"https:\/\/innocentiemangonipiante.it\/fr\/wp-json\/wp\/v2\/product"}],"about":[{"href":"https:\/\/innocentiemangonipiante.it\/fr\/wp-json\/wp\/v2\/types\/product"}],"wp:featuredmedia":[{"embeddable":true,"href":"https:\/\/innocentiemangonipiante.it\/fr\/wp-json\/wp\/v2\/media\/24852"}],"wp:attachment":[{"href":"https:\/\/innocentiemangonipiante.it\/fr\/wp-json\/wp\/v2\/media?parent=13328"}],"wp:term":[{"taxonomy":"product_brand","embeddable":true,"href":"https:\/\/innocentiemangonipiante.it\/fr\/wp-json\/wp\/v2\/product_brand?post=13328"},{"taxonomy":"product_cat","embeddable":true,"href":"https:\/\/innocentiemangonipiante.it\/fr\/wp-json\/wp\/v2\/product_cat?post=13328"},{"taxonomy":"product_tag","embeddable":true,"href":"https:\/\/innocentiemangonipiante.it\/fr\/wp-json\/wp\/v2\/product_tag?post=13328"}],"curies":[{"name":"wp","href":"https:\/\/api.w.org\/{rel}","templated":true}]}}