{"id":13330,"date":"2023-11-04T03:11:40","date_gmt":"2023-11-04T02:11:40","guid":{"rendered":"http:\/\/innocentiemangonipiante.it\/tamarix-tetrandra\/"},"modified":"2023-11-06T16:02:08","modified_gmt":"2023-11-06T15:02:08","slug":"tamarix-tetrandra","status":"publish","type":"product","link":"https:\/\/innocentiemangonipiante.it\/fr\/tamarix-tetrandra\/","title":{"rendered":"TAMARIX tetrandra"},"content":{"rendered":"<p>\u00c0 la moiti\u00e9-fin du printemps, s\u2019\u00e9panouissent, sur les vieux jets, des fleurs \u00e0 4 p\u00e9tales, rose clair, en grappes lat\u00e9rales denses mesurant jusqu\u2019\u00e0 5 cm.<\/p>\n","protected":false},"excerpt":{"rendered":"<p>\u00c0 la moiti\u00e9-fin du printemps, s\u2019\u00e9panouissent, sur les vieux jets, des fleurs \u00e0 4 p\u00e9tales, rose clair, en grappes lat\u00e9rales denses mesurant jusqu\u2019\u00e0 5 cm.<\/p>\n","protected":false},"featured_media":5694,"template":"","meta":{"_acf_changed":false},"product_brand":[],"product_cat":[8812],"product_tag":[10897,6255,8400],"class_list":{"0":"post-13330","1":"product","2":"type-product","3":"status-publish","4":"has-post-thumbnail","6":"product_cat-arbres-et-arbustes-a-feuilles-caduques","7":"product_tag-naturelle","8":"product_tag-demi-tige","9":"product_tag-tige","10":"pa_altezza-massima-200-fr","11":"pa_altezza-massima-300-fr-2","12":"pa_colore-fioritura-rose","13":"pa_condizionamento-clt-fr","14":"pa_condizionamento-motte","15":"pa_famiglia-tamaricaceae-fr","16":"pa_genere-tamarix-fr","17":"pa_origine-balkans-fr","18":"pa_periodo-fioritura-juin","19":"pa_periodo-fioritura-mai","20":"pa_portamento-eretto-fr","21":"pa_resistenza-climatica-moyenne-elevee","22":"pa_resistenza-del-suolo-resistant-aux-sols-calcaires","23":"pa_resistenza-del-suolo-resistant-aux-sols-secs","24":"pa_salinita-resistance-a-la-salinisation","25":"pa_utilizzo-parcs","26":"pa_utilizzo-petits-jardins","28":"first","29":"instock","30":"purchasable","31":"product-type-simple"},"acf":[],"_links":{"self":[{"href":"https:\/\/innocentiemangonipiante.it\/fr\/wp-json\/wp\/v2\/product\/13330","targetHints":{"allow":["GET"]}}],"collection":[{"href":"https:\/\/innocentiemangonipiante.it\/fr\/wp-json\/wp\/v2\/product"}],"about":[{"href":"https:\/\/innocentiemangonipiante.it\/fr\/wp-json\/wp\/v2\/types\/product"}],"wp:featuredmedia":[{"embeddable":true,"href":"https:\/\/innocentiemangonipiante.it\/fr\/wp-json\/wp\/v2\/media\/5694"}],"wp:attachment":[{"href":"https:\/\/innocentiemangonipiante.it\/fr\/wp-json\/wp\/v2\/media?parent=13330"}],"wp:term":[{"taxonomy":"product_brand","embeddable":true,"href":"https:\/\/innocentiemangonipiante.it\/fr\/wp-json\/wp\/v2\/product_brand?post=13330"},{"taxonomy":"product_cat","embeddable":true,"href":"https:\/\/innocentiemangonipiante.it\/fr\/wp-json\/wp\/v2\/product_cat?post=13330"},{"taxonomy":"product_tag","embeddable":true,"href":"https:\/\/innocentiemangonipiante.it\/fr\/wp-json\/wp\/v2\/product_tag?post=13330"}],"curies":[{"name":"wp","href":"https:\/\/api.w.org\/{rel}","templated":true}]}}