{"id":13331,"date":"2023-11-04T03:11:26","date_gmt":"2023-11-04T02:11:26","guid":{"rendered":"http:\/\/innocentiemangonipiante.it\/tamarix-ramosissima-pink-cascade\/"},"modified":"2023-11-06T16:01:57","modified_gmt":"2023-11-06T15:01:57","slug":"tamarix-ramosissima-pink-cascade","status":"publish","type":"product","link":"https:\/\/innocentiemangonipiante.it\/fr\/tamarix-ramosissima-pink-cascade\/","title":{"rendered":"TAMARIX ramosissima &lsquo;Pink Cascade&rsquo;"},"content":{"rendered":"<p>\u201cTamaris\u201d. Arbuste ou petit arbre \u00e0 feuilles caduques avec jets arqu\u00e9s et \u00e9corce rouge-marron. Les feuilles, de couleur verte, aciculaires, pointues, ne mesurent que 4 mm. De juillet \u00e0 ao\u00fbt, il donne, sur les jets nouveaux, de petites fleurs d\u2019un rose soutenu r\u00e9unies en grappes touffues de 7 cm de longueur.<\/p>\n","protected":false},"excerpt":{"rendered":"<p>\u201cTamaris\u201d. Arbuste ou petit arbre \u00e0 feuilles caduques avec jets arqu\u00e9s et \u00e9corce rouge-marron. Les feuilles, de couleur verte, aciculaires, pointues, ne mesurent que 4 mm. De juillet \u00e0 ao\u00fbt, il donne, sur les jets nouveaux, de petites fleurs d\u2019un rose soutenu r\u00e9unies en grappes touffues de 7 cm de longueur.<\/p>\n","protected":false},"featured_media":5688,"template":"","meta":{"_acf_changed":false},"product_brand":[],"product_cat":[8812],"product_tag":[10897,6255,8400],"class_list":{"0":"post-13331","1":"product","2":"type-product","3":"status-publish","4":"has-post-thumbnail","6":"product_cat-arbres-et-arbustes-a-feuilles-caduques","7":"product_tag-naturelle","8":"product_tag-demi-tige","9":"product_tag-tige","10":"pa_altezza-massima-300-fr-2","11":"pa_altezza-massima-600-fr","12":"pa_colore-fioritura-rose","13":"pa_condizionamento-clt-fr","14":"pa_condizionamento-motte","15":"pa_famiglia-tamaricaceae-fr","16":"pa_genere-tamarix-fr","17":"pa_inquinamento-resistance-a-la-pollution","18":"pa_origine-europe-mediterraneenne","19":"pa_periodo-fioritura-aout","20":"pa_periodo-fioritura-juillet","21":"pa_portamento-eretto-fr","22":"pa_resistenza-climatica-moyenne-elevee","23":"pa_resistenza-del-suolo-resistant-aux-sols-calcaires","24":"pa_resistenza-del-suolo-resistant-aux-sols-secs","25":"pa_salinita-resistance-a-la-salinisation","26":"pa_utilizzo-parcs","27":"pa_utilizzo-petits-jardins","29":"first","30":"instock","31":"purchasable","32":"product-type-simple"},"acf":[],"_links":{"self":[{"href":"https:\/\/innocentiemangonipiante.it\/fr\/wp-json\/wp\/v2\/product\/13331","targetHints":{"allow":["GET"]}}],"collection":[{"href":"https:\/\/innocentiemangonipiante.it\/fr\/wp-json\/wp\/v2\/product"}],"about":[{"href":"https:\/\/innocentiemangonipiante.it\/fr\/wp-json\/wp\/v2\/types\/product"}],"wp:featuredmedia":[{"embeddable":true,"href":"https:\/\/innocentiemangonipiante.it\/fr\/wp-json\/wp\/v2\/media\/5688"}],"wp:attachment":[{"href":"https:\/\/innocentiemangonipiante.it\/fr\/wp-json\/wp\/v2\/media?parent=13331"}],"wp:term":[{"taxonomy":"product_brand","embeddable":true,"href":"https:\/\/innocentiemangonipiante.it\/fr\/wp-json\/wp\/v2\/product_brand?post=13331"},{"taxonomy":"product_cat","embeddable":true,"href":"https:\/\/innocentiemangonipiante.it\/fr\/wp-json\/wp\/v2\/product_cat?post=13331"},{"taxonomy":"product_tag","embeddable":true,"href":"https:\/\/innocentiemangonipiante.it\/fr\/wp-json\/wp\/v2\/product_tag?post=13331"}],"curies":[{"name":"wp","href":"https:\/\/api.w.org\/{rel}","templated":true}]}}