{"id":13333,"date":"2023-11-04T03:11:53","date_gmt":"2023-11-04T02:11:53","guid":{"rendered":"http:\/\/innocentiemangonipiante.it\/taxodium-distichum\/"},"modified":"2023-11-06T16:02:17","modified_gmt":"2023-11-06T15:02:17","slug":"taxodium-distichum","status":"publish","type":"product","link":"https:\/\/innocentiemangonipiante.it\/fr\/taxodium-distichum\/","title":{"rendered":"TAXODIUM distichum"},"content":{"rendered":"<p>\u201cCypr\u00e8s chauve\u201d. Arbre \u00e0 feuilles caduques au port conique \u00e0 l\u2019\u00e9tat jeune et colonnaire de fa\u00e7on irr\u00e9guli\u00e8re \u00e0 maturit\u00e9. L\u2019\u00e9corce, marron clair, se fendille en surface et se fissure en vieillissant. Les feuilles altern\u00e9es, souples, \u00e9troites et lanc\u00e9ol\u00e9es, de couleur vert p\u00e2le, de 2 cm, virent du jaune d\u2019or au marron rouille en automne. Excellent pour les sols humides ou risquant les inondations. Croissance rapide.<\/p>\n","protected":false},"excerpt":{"rendered":"<p>\u201cCypr\u00e8s chauve\u201d. Arbre \u00e0 feuilles caduques au port conique \u00e0 l\u2019\u00e9tat jeune et colonnaire de fa\u00e7on irr\u00e9guli\u00e8re \u00e0 maturit\u00e9. L\u2019\u00e9corce, marron clair, se fendille en surface et se fissure en vieillissant. Les feuilles altern\u00e9es, souples, \u00e9troites et lanc\u00e9ol\u00e9es, de couleur vert p\u00e2le, de 2 cm, virent du jaune d\u2019or au marron rouille en automne. Excellent [&hellip;]<\/p>\n","protected":false},"featured_media":5700,"template":"","meta":{"_acf_changed":false},"product_brand":[],"product_cat":[8824],"product_tag":[10897,8400],"class_list":{"0":"post-13333","1":"product","2":"type-product","3":"status-publish","4":"has-post-thumbnail","6":"product_cat-coniferes","7":"product_tag-naturelle","8":"product_tag-tige","9":"pa_altezza-massima-30-metres","10":"pa_altezza-massima-40-metres","11":"pa_condizionamento-clt-fr","12":"pa_condizionamento-motte","13":"pa_famiglia-taxodiaceae-fr","14":"pa_genere-taxodium-fr","15":"pa_inquinamento-resistance-a-la-pollution","16":"pa_origine-origine-delle-piante-u-s-a","17":"pa_portamento-conico-fr","18":"pa_resistenza-climatica-moyenne-elevee","19":"pa_resistenza-del-suolo-resistant-au-sol-humide","20":"pa_resistenza-del-suolo-resistant-aux-sols-calcaires","21":"pa_utilizzo-parcs","22":"pa_utilizzo-petits-jardins","24":"first","25":"instock","26":"purchasable","27":"product-type-simple"},"acf":[],"_links":{"self":[{"href":"https:\/\/innocentiemangonipiante.it\/fr\/wp-json\/wp\/v2\/product\/13333","targetHints":{"allow":["GET"]}}],"collection":[{"href":"https:\/\/innocentiemangonipiante.it\/fr\/wp-json\/wp\/v2\/product"}],"about":[{"href":"https:\/\/innocentiemangonipiante.it\/fr\/wp-json\/wp\/v2\/types\/product"}],"wp:featuredmedia":[{"embeddable":true,"href":"https:\/\/innocentiemangonipiante.it\/fr\/wp-json\/wp\/v2\/media\/5700"}],"wp:attachment":[{"href":"https:\/\/innocentiemangonipiante.it\/fr\/wp-json\/wp\/v2\/media?parent=13333"}],"wp:term":[{"taxonomy":"product_brand","embeddable":true,"href":"https:\/\/innocentiemangonipiante.it\/fr\/wp-json\/wp\/v2\/product_brand?post=13333"},{"taxonomy":"product_cat","embeddable":true,"href":"https:\/\/innocentiemangonipiante.it\/fr\/wp-json\/wp\/v2\/product_cat?post=13333"},{"taxonomy":"product_tag","embeddable":true,"href":"https:\/\/innocentiemangonipiante.it\/fr\/wp-json\/wp\/v2\/product_tag?post=13333"}],"curies":[{"name":"wp","href":"https:\/\/api.w.org\/{rel}","templated":true}]}}