{"id":13334,"date":"2023-11-04T03:12:45","date_gmt":"2023-11-04T02:12:45","guid":{"rendered":"http:\/\/innocentiemangonipiante.it\/taxus-x-media-hillii\/"},"modified":"2023-11-06T16:03:21","modified_gmt":"2023-11-06T15:03:21","slug":"taxus-x-media-hillii","status":"publish","type":"product","link":"https:\/\/innocentiemangonipiante.it\/fr\/taxus-x-media-hillii\/","title":{"rendered":"TAXUS x media &lsquo;Hillii&rsquo;"},"content":{"rendered":"<p>Caract\u00e9ristiques similaires \u00e0 la vari\u00e9t\u00e9 \u201cHicksii\u201d mais au port plus \u00e9troit et \u00e9rig\u00e9 avec des feuilles de couleur vert fonc\u00e9 de 3 cm de longueur. Il produit des baies rouges.<\/p>\n","protected":false},"excerpt":{"rendered":"<p>Caract\u00e9ristiques similaires \u00e0 la vari\u00e9t\u00e9 \u201cHicksii\u201d mais au port plus \u00e9troit et \u00e9rig\u00e9 avec des feuilles de couleur vert fonc\u00e9 de 3 cm de longueur. Il produit des baies rouges.<\/p>\n","protected":false},"featured_media":5720,"template":"","meta":{"_acf_changed":false},"product_brand":[],"product_cat":[8824],"product_tag":[10897,8497,6266,6263],"class_list":{"0":"post-13334","1":"product","2":"type-product","3":"status-publish","4":"has-post-thumbnail","6":"product_cat-coniferes","7":"product_tag-naturelle","8":"product_tag-cepee-remontee","9":"product_tag-jardiniere","10":"product_tag-pompons-fr","11":"pa_altezza-massima-300-fr-2","12":"pa_altezza-massima-500-fr","13":"pa_condizionamento-clt-fr","14":"pa_condizionamento-coupe-fr","15":"pa_condizionamento-vs-fr","16":"pa_condizionamento-motte","17":"pa_famiglia-taxaceae-fr","18":"pa_genere-taxus-fr","19":"pa_inquinamento-resistance-a-la-pollution","20":"pa_origine-origine-delle-piante-u-s-a","21":"pa_portamento-conico-fr","22":"pa_resistenza-climatica-tres-elevee","23":"pa_resistenza-del-suolo-resistant-au-sol-humide","24":"pa_resistenza-del-suolo-resistant-aux-sols-calcaires","25":"pa_utilizzo-haies","26":"pa_utilizzo-parcs","27":"pa_utilizzo-petits-jardins","29":"first","30":"instock","31":"purchasable","32":"product-type-simple"},"acf":[],"_links":{"self":[{"href":"https:\/\/innocentiemangonipiante.it\/fr\/wp-json\/wp\/v2\/product\/13334","targetHints":{"allow":["GET"]}}],"collection":[{"href":"https:\/\/innocentiemangonipiante.it\/fr\/wp-json\/wp\/v2\/product"}],"about":[{"href":"https:\/\/innocentiemangonipiante.it\/fr\/wp-json\/wp\/v2\/types\/product"}],"wp:featuredmedia":[{"embeddable":true,"href":"https:\/\/innocentiemangonipiante.it\/fr\/wp-json\/wp\/v2\/media\/5720"}],"wp:attachment":[{"href":"https:\/\/innocentiemangonipiante.it\/fr\/wp-json\/wp\/v2\/media?parent=13334"}],"wp:term":[{"taxonomy":"product_brand","embeddable":true,"href":"https:\/\/innocentiemangonipiante.it\/fr\/wp-json\/wp\/v2\/product_brand?post=13334"},{"taxonomy":"product_cat","embeddable":true,"href":"https:\/\/innocentiemangonipiante.it\/fr\/wp-json\/wp\/v2\/product_cat?post=13334"},{"taxonomy":"product_tag","embeddable":true,"href":"https:\/\/innocentiemangonipiante.it\/fr\/wp-json\/wp\/v2\/product_tag?post=13334"}],"curies":[{"name":"wp","href":"https:\/\/api.w.org\/{rel}","templated":true}]}}